{"id":819,"date":"2017-01-02T18:47:14","date_gmt":"2017-01-02T18:47:14","guid":{"rendered":"https:\/\/www.hipodromo.com\/?page_id=819"},"modified":"2022-01-24T16:21:28","modified_gmt":"2022-01-24T21:21:28","slug":"instalaciones","status":"publish","type":"page","link":"https:\/\/www.hipodromo.com\/index.php\/instalaciones\/","title":{"rendered":"Instalaciones"},"content":{"rendered":"<div id=\"pl-819\"  class=\"panel-layout\" ><div id=\"pg-819-0\"  class=\"panel-grid panel-no-style\" ><div id=\"pgc-819-0-0\"  class=\"panel-grid-cell\" ><div id=\"panel-819-0-0-0\" class=\"so-panel widget widget_sow-editor panel-first-child panel-last-child\" data-index=\"0\" ><div\n\t\t\t\n\t\t\tclass=\"so-widget-sow-editor so-widget-sow-editor-base\"\n\t\t\t\n\t\t>\n<div class=\"siteorigin-widget-tinymce textwidget\">\n\t<p>\u00a0<\/p>\n<p><img loading=\"lazy\" decoding=\"async\" class=\"fy-image fy-image-responsive fy-lazy alignleft size-medium wp-image-40869\" src=\"https:\/\/www.hipodromo.com\/wp-content\/themes\/salmon\/frontend\/assets\/images\/placeholder.png\" data-src=\"https:\/\/www.hipodromo.com\/wp-content\/uploads\/2017\/01\/IMG_8111-300x200.jpg\" alt=\"\" width=\"300\" height=\"200\" srcset=\"https:\/\/www.hipodromo.com\/wp-content\/uploads\/2017\/01\/IMG_8111-300x200.jpg 300w, https:\/\/www.hipodromo.com\/wp-content\/uploads\/2017\/01\/IMG_8111-768x512.jpg 768w, https:\/\/www.hipodromo.com\/wp-content\/uploads\/2017\/01\/IMG_8111-1024x683.jpg 1024w, https:\/\/www.hipodromo.com\/wp-content\/uploads\/2017\/01\/IMG_8111-1920x1280.jpg 1920w, https:\/\/www.hipodromo.com\/wp-content\/uploads\/2017\/01\/IMG_8111-272x182.jpg 272w\" sizes=\"auto, (max-width: 300px) 100vw, 300px\" \/><noscript><img loading=\"lazy\" decoding=\"async\" class=\"alignleft size-medium wp-image-40869\" src=\"https:\/\/www.hipodromo.com\/wp-content\/uploads\/2017\/01\/IMG_8111-300x200.jpg\" alt=\"\" width=\"300\" height=\"200\" srcset=\"https:\/\/www.hipodromo.com\/wp-content\/uploads\/2017\/01\/IMG_8111-300x200.jpg 300w, https:\/\/www.hipodromo.com\/wp-content\/uploads\/2017\/01\/IMG_8111-768x512.jpg 768w, https:\/\/www.hipodromo.com\/wp-content\/uploads\/2017\/01\/IMG_8111-1024x683.jpg 1024w, https:\/\/www.hipodromo.com\/wp-content\/uploads\/2017\/01\/IMG_8111-1920x1280.jpg 1920w, https:\/\/www.hipodromo.com\/wp-content\/uploads\/2017\/01\/IMG_8111-272x182.jpg 272w\" sizes=\"auto, (max-width: 300px) 100vw, 300px\" \/><\/noscript>Instalaciones Dentro de las instalaciones, usted cuenta todo tipo de facilidades y servicios, los cuales le permitir\u00e1n a usted junto a su familia y amigos disfrutar un tiempo de total esparcimiento, los modernos, elegantes turff y bares, m\u00e1s de 3,000 estacionamientos, valet parking tercerizado, cajero autom\u00e1tico, amplio y completo sistema de seguridad y mucho m\u00e1s.<br \/> Adem\u00e1s, contamos con 62 hect\u00e1reas en los predios del Hip\u00f3dromo Presidente Rem\u00f3n, cuya construcci\u00f3n ocupa el 60% incluyendo las pistas. Su estructura est\u00e1 compuesta de dos tribunas habilitadas al p\u00fablico.<\/p>\n<p>La tribuna principal y la tribuna chica, adem\u00e1s de los nuevos Turff Bet &amp; Sports Bar N\u00ba 1 y N\u00ba 2, que fueron habilitados a inicios del a\u00f1o 2006, el Sal\u00f3n Appucapa, el Sal\u00f3n Eleta; adem\u00e1s de las oficinas administrativas de la propia empresa, oficinas<\/p>\n<p>de la Sociedad de Due\u00f1os de Caballos, Criadores, Preparadores y Jinetes, Cl\u00ednica Veterinaria, Farmacias Veterinarias, Control de Antidoping, La Villa H\u00edpica, el Palco Prudencio Pinillo P.,<\/p>\n<p>locales comerciales, un lago natural, en el mismo centro del coliseo h\u00edpico,<\/p>\n<p>\u00a0<\/p>\n<p>\u00a0<\/p>\n<figure id=\"attachment_1286\" aria-describedby=\"caption-attachment-1286\" style=\"width: 347px\" class=\"wp-caption alignleft\"><img loading=\"lazy\" decoding=\"async\" class=\"fy-image fy-image-responsive fy-lazy  wp-image-1286\" src=\"https:\/\/www.hipodromo.com\/wp-content\/themes\/salmon\/frontend\/assets\/images\/placeholder.png\" data-src=\"https:\/\/www.hipodromo.com\/wp-content\/uploads\/2017\/01\/B54EF573-AE17-47DF-B142-282BDE3D7B5B-300x147.jpg\" alt=\"\" width=\"347\" height=\"170\" srcset=\"https:\/\/www.hipodromo.com\/wp-content\/uploads\/2017\/01\/B54EF573-AE17-47DF-B142-282BDE3D7B5B-300x147.jpg 300w, https:\/\/www.hipodromo.com\/wp-content\/uploads\/2017\/01\/B54EF573-AE17-47DF-B142-282BDE3D7B5B-768x376.jpg 768w, https:\/\/www.hipodromo.com\/wp-content\/uploads\/2017\/01\/B54EF573-AE17-47DF-B142-282BDE3D7B5B-1024x501.jpg 1024w, https:\/\/www.hipodromo.com\/wp-content\/uploads\/2017\/01\/B54EF573-AE17-47DF-B142-282BDE3D7B5B-1920x940.jpg 1920w, https:\/\/www.hipodromo.com\/wp-content\/uploads\/2017\/01\/B54EF573-AE17-47DF-B142-282BDE3D7B5B-1200x588.jpg 1200w\" sizes=\"auto, (max-width: 347px) 100vw, 347px\" \/><noscript><img loading=\"lazy\" decoding=\"async\" class=\" wp-image-1286\" src=\"https:\/\/www.hipodromo.com\/wp-content\/uploads\/2017\/01\/B54EF573-AE17-47DF-B142-282BDE3D7B5B-300x147.jpg\" alt=\"\" width=\"347\" height=\"170\" srcset=\"https:\/\/www.hipodromo.com\/wp-content\/uploads\/2017\/01\/B54EF573-AE17-47DF-B142-282BDE3D7B5B-300x147.jpg 300w, https:\/\/www.hipodromo.com\/wp-content\/uploads\/2017\/01\/B54EF573-AE17-47DF-B142-282BDE3D7B5B-768x376.jpg 768w, https:\/\/www.hipodromo.com\/wp-content\/uploads\/2017\/01\/B54EF573-AE17-47DF-B142-282BDE3D7B5B-1024x501.jpg 1024w, https:\/\/www.hipodromo.com\/wp-content\/uploads\/2017\/01\/B54EF573-AE17-47DF-B142-282BDE3D7B5B-1920x940.jpg 1920w, https:\/\/www.hipodromo.com\/wp-content\/uploads\/2017\/01\/B54EF573-AE17-47DF-B142-282BDE3D7B5B-1200x588.jpg 1200w\" sizes=\"auto, (max-width: 347px) 100vw, 347px\" \/><\/noscript><figcaption id=\"caption-attachment-1286\" class=\"wp-caption-text\">Hip\u00f3dromo Presidente Rem\u00f3n<\/figcaption><\/figure>\n<p><strong>\u00c1REAS DE ESTACIONAMIENTOS<\/strong><br \/> Contamos con m\u00e1s de 3,000 estacionamientos protegidos por nuestro cuerpo de seguridad.<br \/> <strong>SERVICIO DE VALET PARKING<\/strong><br \/> Para brindarles a todos nuestros visitantes una atenci\u00f3n personalizada, les ofrecemos el servicio de Valet Parking tercerizado, para que siempre cuente con un estacionamiento exclusivo y seguro.<br \/> <strong>ENTRADAS DE ACCESO<\/strong><br \/> Contamos con tres entradas grandes para agilizar el acceso al Hip\u00f3dromo: Entrada principal, tribunas y estacionamiento familiar.<br \/> <strong>TURFF PRIMER PISO<\/strong><br \/> C\u00f3modo sal\u00f3n, ubicado en el primer piso, en donde usted podr\u00e1 compartir gratos momentos con sus amigos. Cuenta con un moderno sistema de circuito cerrado, aire acondicionado y vista a la pista.<br \/> <strong>TURFF SEGUNDO PISO<\/strong><br \/> Lujoso sal\u00f3n, ubicado en el segundo piso, con la m\u00e1s variada selecci\u00f3n de platos y licores, enmarcados en un ambiente acogedor, servicio de primera, aire acondicionado, elegantes mesas, moderno sistema de circuito cerrado, transmiti\u00e9ndole toda la gama de apuestas deportivas de galgos, simulcasting y sobre buena vista para presenciar las carreras locales.<\/p>\n<p><strong>RESTAURANTE TRIBUNA<\/strong><br \/> Ubicado debajo de las tribunas, le ofrece saborear deliciosas y econ\u00f3micas comidas criollas y refrescantes bebidas y transmisi\u00f3n\u00a0de careras locales e internacionales.<\/p>\n<p><strong>VILLA H\u00cdPICA \u00a0 \u00a0 \u00a0 \u00a0 \u00a0 \u00a0 \u00a0 \u00a0 \u00a0 \u00a0 \u00a0 \u00a0 \u00a0 \u00a0 \u00a0 \u00a0 \u00a0 \u00a0 \u00a0 \u00a0 \u00a0 \u00a0 \u00a0 \u00a0 \u00a0 \u00a0 \u00a0 \u00a0 \u00a0 \u00a0 \u00a0 \u00a0 \u00a0 \u00a0 \u00a0 \u00a0 \u00a0 \u00a0 \u00a0 \u00a0 \u00a0 \u00a0 \u00a0 \u00a0 \u00a0 \u00a0 \u00a0 \u00a0 \u00a0 \u00a0 \u00a0 \u00a0 \u00a0 \u00a0 \u00a0 \u00a0 \u00a0 \u00a0 \u00a0 \u00a0 \u00a0 \u00a0 \u00a0 \u00a0 \u00a0 \u00a0 \u00a0 \u00a0 \u00a0 \u00a0 \u00a0 \u00a0 \u00a0 \u00a0 \u00a0 \u00a0 \u00a0 \u00a0 \u00a0 \u00a0 \u00a0 \u00a0 \u00a0 \u00a0 \u00a0 \u00a0 \u00a0 \u00a0 \u00a0 <\/strong>La Villa H\u00edpica en el Hip\u00f3dromo Presidente Rem\u00f3n, cuenta con m\u00e1s de 84 establos y m\u00e1s de 1,300 Pesebreras.<\/p>\n<p><strong>VETERINARIO Y ANTIDOPING<\/strong><br \/> El Laboratorio de An\u00e1lisis de Drogas es manejado por la Junta de Control de Juegos, dependencia del Ministerio de Econom\u00eda y Finanzas. \u00a0 \u00a0 \u00a0 \u00a0 \u00a0 \u00a0 \u00a0 \u00a0 \u00a0 \u00a0 \u00a0 \u00a0 \u00a0 \u00a0 \u00a0 \u00a0 \u00a0 \u00a0 \u00a0 \u00a0 \u00a0 \u00a0 \u00a0 \u00a0 \u00a0 \u00a0 \u00a0 \u00a0 \u00a0 \u00a0 \u00a0 \u00a0 \u00a0 \u00a0 \u00a0 \u00a0 \u00a0 \u00a0 \u00a0 \u00a0 \u00a0 \u00a0 \u00a0 \u00a0 \u00a0 \u00a0 \u00a0 \u00a0 \u00a0 \u00a0 \u00a0 \u00a0 \u00a0 \u00a0 \u00a0 \u00a0 \u00a0 \u00a0 \u00a0 \u00a0 \u00a0 \u00a0 \u00a0 \u00a0 \u00a0 \u00a0 \u00a0 \u00a0 \u00a0 \u00a0 \u00a0 \u00a0 \u00a0 \u00a0 \u00a0 \u00a0 \u00a0 \u00a0 \u00a0 \u00a0 \u00a0 \u00a0 \u00a0 \u00a0 \u00a0 \u00a0 \u00a0 \u00a0 \u00a0 \u00a0 \u00a0 \u00a0 \u00a0 \u00a0 \u00a0 \u00a0 \u00a0 \u00a0 \u00a0 \u00a0\u00a0<br \/> <strong>CL\u00cdNICA VETERINARIA<\/strong><br \/> Es administrada por la Sociedad de Due\u00f1os y se encarga de la revisi\u00f3n peri\u00f3dica de los ejemplares pura sangre de carreras, que participan en las diferentes pruebas del Hipodromo Presidente Rem\u00f3n. Incluyendo sus ex\u00e1menes, radiograf\u00edas y hasta operaciones que se les realizan a los caballos, en los diferentes casos que se presentan. \u00a0 \u00a0 \u00a0 \u00a0 \u00a0 \u00a0 \u00a0 \u00a0 \u00a0 \u00a0 \u00a0 \u00a0 \u00a0 \u00a0 \u00a0 \u00a0 \u00a0 \u00a0 \u00a0 \u00a0 \u00a0 \u00a0 \u00a0 \u00a0 \u00a0 \u00a0 \u00a0 \u00a0 \u00a0 \u00a0 \u00a0 \u00a0 \u00a0 \u00a0 \u00a0 \u00a0 \u00a0 \u00a0<br \/> <strong>TELEVISI\u00d3N Y VIDEO \u00a0 \u00a0 \u00a0 \u00a0 \u00a0 \u00a0 \u00a0 \u00a0 \u00a0 \u00a0 \u00a0 \u00a0 \u00a0 \u00a0 \u00a0 \u00a0 \u00a0 \u00a0 \u00a0 \u00a0 \u00a0 \u00a0 \u00a0 \u00a0 \u00a0 \u00a0 \u00a0 \u00a0 \u00a0 \u00a0 \u00a0 \u00a0 \u00a0 \u00a0 \u00a0 \u00a0 \u00a0 \u00a0 \u00a0 \u00a0 \u00a0 \u00a0 \u00a0 \u00a0 \u00a0 \u00a0 \u00a0 \u00a0 \u00a0 \u00a0 \u00a0 \u00a0 \u00a0 \u00a0 \u00a0 \u00a0 \u00a0 \u00a0 \u00a0 \u00a0 \u00a0 \u00a0 \u00a0 \u00a0 \u00a0 \u00a0 \u00a0 \u00a0 \u00a0 \u00a0 \u00a0 \u00a0 \u00a0 \u00a0 \u00a0 \u00a0 \u00a0 \u00a0 \u00a0 \u00a0 \u00a0 \u00a0 <\/strong>Contamos con personal profesional en el \u00e1mbito de la producci\u00f3n y la edici\u00f3n filmogr\u00e1fica, lo que nos ha dado la capacidad de producir nuestros propios programas y documentales. Contamos con nuestro propio canal de televisi\u00f3n, donde trasmitimos eventos locales e internacionales y la programaci\u00f3n creada por nosotros mismos. Contamos con un moderno sistema de gr\u00e1ficas computarizadas.<\/p>\n<p><strong>TOTALIZADOR<\/strong><br \/> En el a\u00f1o de 1985, bajo la administraci\u00f3n del Estado, fue adquirido el primer Sistema Totalizador de Apuestas a la empresa Scientific Games Racing. Posteriormente en 1998, despu\u00e9s de la privatizaci\u00f3n del Hip\u00f3dromo Presidente Rem\u00f3n, se renov\u00f3 el sistema tambi\u00e9n con la empresa Scientific Games Racing y en abril de 2016 H\u00edpica de Panam\u00e1 hace una grande inversi\u00f3n y cambia el totalizador al sistema RTO United Tote,\u00a0mismo utilizado por los grandes hip\u00f3dromos del mundo como Churchill Downs y pasa a operar con dos totalizadores remotos, bajo los mayores controles de seguridad internacional, siendo uno localizado en Portland - OR y otro en Louisville - KY. \u00a0 \u00a0 \u00a0 \u00a0 \u00a0 \u00a0 \u00a0 \u00a0 \u00a0 \u00a0 \u00a0 \u00a0 \u00a0 \u00a0 \u00a0 \u00a0 \u00a0 \u00a0 \u00a0 \u00a0 \u00a0 \u00a0 \u00a0 \u00a0 \u00a0 \u00a0 \u00a0 \u00a0 \u00a0 \u00a0 \u00a0 \u00a0 \u00a0 \u00a0 \u00a0 \u00a0 \u00a0 \u00a0 \u00a0 \u00a0 \u00a0 \u00a0 \u00a0 \u00a0 \u00a0 \u00a0 \u00a0 \u00a0 \u00a0 \u00a0 \u00a0 \u00a0 \u00a0 \u00a0 \u00a0 \u00a0 \u00a0 \u00a0 \u00a0 \u00a0 \u00a0 \u00a0 \u00a0 \u00a0 \u00a0 \u00a0 \u00a0 \u00a0 \u00a0 \u00a0 \u00a0 \u00a0 \u00a0<br \/> <strong>LAS PISTAS<\/strong><br \/> El Hip\u00f3dromo Presidente Rem\u00f3n cuenta con 2 pistas de arena: Principal y Auxiliar. En la pista se utiliza arena limpia de Alovi\u00f3n (clase de arena combinada con propiedades de arcilla), para mantener el colch\u00f3n de la pista y corregir ciertos desniveles para la unificaci\u00f3n de todas las \u00e1reas. \u00a0 \u00a0 \u00a0 \u00a0 \u00a0 \u00a0 \u00a0 \u00a0 \u00a0 \u00a0 \u00a0 \u00a0 \u00a0 \u00a0 \u00a0 \u00a0 \u00a0 \u00a0 \u00a0 \u00a0 \u00a0 \u00a0 \u00a0 \u00a0 \u00a0 \u00a0 \u00a0 \u00a0 \u00a0 \u00a0 \u00a0 \u00a0 \u00a0 \u00a0 \u00a0 \u00a0 \u00a0 \u00a0 \u00a0 \u00a0 \u00a0 \u00a0 \u00a0 \u00a0 \u00a0 \u00a0 \u00a0 \u00a0 \u00a0 \u00a0 \u00a0 \u00a0 \u00a0 \u00a0 \u00a0 \u00a0 \u00a0 \u00a0 \u00a0 \u00a0 \u00a0 \u00a0 \u00a0 \u00a0 \u00a0 \u00a0 \u00a0 \u00a0 \u00a0 \u00a0 \u00a0 \u00a0 \u00a0 \u00a0 \u00a0 \u00a0 \u00a0 \u00a0 \u00a0 \u00a0 \u00a0 \u00a0 \u00a0\u00a0<br \/> <strong>PISTA PRINCIPAL PISTA AUXILIAR<\/strong><br \/> Largo Promedio 1,600 metros Largo Promedio 1,400 metros<\/p>\n<p><strong>GASTRONOM\u00cdA<\/strong><br \/> En cada uno de nuestros salones contamos con dos salones Turff, primer piso y segundo piso del Hip\u00f3dromo Presidente Rem\u00f3n, donde le ofrecemos un servicio de lujo con una variedad de viandas que son del paladar de todo el que asiste al Coso H\u00edpico todos los d\u00edas. Usted puede disfrutar una serie de exquisitos platillos a un m\u00f3dico precio mientras disfruta de los eventos h\u00edpicos y deportivos. H\u00edpica de Panam\u00e1 S.A se ha encaminado a hacer del Hip\u00f3dromo Presidente Rem\u00f3n, el recinto perfecto para las personas que nos visitan y poder brindar entretenimiento a la familia, los turistas, las empresas y todo aquel que desee experimentar la diferencia y la variedad, porque m\u00e1s que un Hip\u00f3dromo, es un estilo diferente de entretenimiento.<\/p>\n<\/div>\n<\/div><\/div><\/div><\/div><\/div>","protected":false},"excerpt":{"rendered":"<p>\u00a0Instalaciones Dentro de las instalaciones, usted cuenta todo tipo de facilidades y servicios, los cuales le permitir\u00e1n a usted junto a su familia y amigos disfrutar un tiempo de total &#8230;<\/p>\n","protected":false},"author":1,"featured_media":0,"parent":0,"menu_order":0,"comment_status":"closed","ping_status":"closed","template":"template-gallery.php","meta":{"_exactmetrics_skip_tracking":false,"_exactmetrics_sitenote_active":false,"_exactmetrics_sitenote_note":"","_exactmetrics_sitenote_category":0,"footnotes":""},"class_list":["post-819","page","type-page","status-publish","hentry"],"_links":{"self":[{"href":"https:\/\/www.hipodromo.com\/index.php\/wp-json\/wp\/v2\/pages\/819","targetHints":{"allow":["GET"]}}],"collection":[{"href":"https:\/\/www.hipodromo.com\/index.php\/wp-json\/wp\/v2\/pages"}],"about":[{"href":"https:\/\/www.hipodromo.com\/index.php\/wp-json\/wp\/v2\/types\/page"}],"author":[{"embeddable":true,"href":"https:\/\/www.hipodromo.com\/index.php\/wp-json\/wp\/v2\/users\/1"}],"replies":[{"embeddable":true,"href":"https:\/\/www.hipodromo.com\/index.php\/wp-json\/wp\/v2\/comments?post=819"}],"version-history":[{"count":9,"href":"https:\/\/www.hipodromo.com\/index.php\/wp-json\/wp\/v2\/pages\/819\/revisions"}],"predecessor-version":[{"id":40871,"href":"https:\/\/www.hipodromo.com\/index.php\/wp-json\/wp\/v2\/pages\/819\/revisions\/40871"}],"wp:attachment":[{"href":"https:\/\/www.hipodromo.com\/index.php\/wp-json\/wp\/v2\/media?parent=819"}],"curies":[{"name":"wp","href":"https:\/\/api.w.org\/{rel}","templated":true}]}}