{"id":817,"date":"2017-01-02T18:47:14","date_gmt":"2017-01-02T18:47:14","guid":{"rendered":"https:\/\/www.hipodromo.com\/?page_id=817"},"modified":"2022-01-24T16:06:49","modified_gmt":"2022-01-24T21:06:49","slug":"ubicacion","status":"publish","type":"page","link":"https:\/\/www.hipodromo.com\/index.php\/ubicacion\/","title":{"rendered":"Ubicaci\u00f3n"},"content":{"rendered":"<h6>El Hip\u00f3dromo Presidente Rem\u00f3n est\u00e1 a solo 10 minutos del centro de la ciudad de Panam\u00e1, por el Corredor Sur y ubicado en el corregimiento de Juan D\u00edaz, sobre la V\u00eda Jos\u00e9 Agust\u00edn Arango, recinto h\u00edpico que es considerado \u201cCuna de los mejores jinetes del mundo\u201d, y que hoy en d\u00eda formar\u00e1 parte de la gran Ciudad Deportiva \u201cIrving Saladino\u201d, junto al Gimnasio Roberto Dur\u00e1n, el Estadio Rommel Fern\u00e1ndez, la Piscina Eyleen Coparropa, la cancha sint\u00e9tica del Romelito y el estadio Emilio Royo de F\u00fatbol\u00a0Americano y Flag Football.<\/h6>\n<h6>Este coliseo h\u00edpico, que inici\u00f3 labores el 14 de julio de 1956, ha dado campeones del Internacional del Caribe en 15 ocasiones, siendo el l\u00edder indiscutible de la justa h\u00edpica que re\u00fane los mejores ejemplares del \u00e1rea, con los equinos: Montecarlo, Barremina, El C\u00f3mico, Patilargo, Pan de los Pobres, Leonardo, Angelical, Evaristo, Cortisol, Alexia, Cafajeste, Spago,\u00a0 Ay Pap\u00e1, Cal\u00ednico y El Tigre Mono.<\/h6>\n<h6>Tambi\u00e9n este hip\u00f3dromo ha dado ganadores en la Copa Confraternidad del Caribe, como Eugenio, Espaviento, By Pass, Patricio, Man On The Moon y Steffany\u00b4s En la Copa Dama del Caribe se ha ganado con Lala G.; en la Copa Velocidad con Batistuta; la Copa de Importados del Caribe se logr\u00f3 con Dicky`s Cat; mientras en la Copa Velocidad de la Gala H\u00edpica de Caracas, se gan\u00f3 con le ejemplar \u2018Dr. Fox\u2019.<\/h6>\n<h6>En nuestro hip\u00f3dromo le ofrecemos apuestas a carreras de caballos nacionales e internacionales, apuestas de todos los deportes y galgos. Igualmente nuestros modernos Turff les brinda las mayores facilidades para su estad\u00eda.<\/h6>\n<h6>El hip\u00f3dromo se mantiene abierto todos los d\u00edas con carreras internacionales; mientras las carreras nacionales van los jueves, viernes y s\u00e1bado desde las 2:30\u00a0p.m.\u00a0Igualmente disfrute nuestros salones de eventos Montecarlo, Presidencial y La Terraza del Hip\u00f3dromo Presidente Rem\u00f3n.<\/h6>\n<p><img loading=\"lazy\" decoding=\"async\" class=\"fy-image fy-image-responsive fy-lazy alignleft size-medium wp-image-40863\" src=\"https:\/\/www.hipodromo.com\/wp-content\/themes\/salmon\/frontend\/assets\/images\/placeholder.png\" data-src=\"https:\/\/www.hipodromo.com\/wp-content\/uploads\/2017\/01\/ubi.003-300x200.jpg\" alt=\"\" width=\"300\" height=\"200\" \/><noscript><img loading=\"lazy\" decoding=\"async\" class=\"alignleft size-medium wp-image-40863\" src=\"https:\/\/www.hipodromo.com\/wp-content\/uploads\/2017\/01\/ubi.003-300x200.jpg\" alt=\"\" width=\"300\" height=\"200\" srcset=\"https:\/\/www.hipodromo.com\/wp-content\/uploads\/2017\/01\/ubi.003-300x200.jpg 300w, https:\/\/www.hipodromo.com\/wp-content\/uploads\/2017\/01\/ubi.003-768x512.jpg 768w, https:\/\/www.hipodromo.com\/wp-content\/uploads\/2017\/01\/ubi.003-1024x683.jpg 1024w, https:\/\/www.hipodromo.com\/wp-content\/uploads\/2017\/01\/ubi.003-1920x1280.jpg 1920w, https:\/\/www.hipodromo.com\/wp-content\/uploads\/2017\/01\/ubi.003-272x182.jpg 272w\" sizes=\"auto, (max-width: 300px) 100vw, 300px\" \/><\/noscript> <img loading=\"lazy\" decoding=\"async\" class=\"fy-image fy-image-responsive fy-lazy alignleft size-medium wp-image-40861\" src=\"https:\/\/www.hipodromo.com\/wp-content\/themes\/salmon\/frontend\/assets\/images\/placeholder.png\" data-src=\"https:\/\/www.hipodromo.com\/wp-content\/uploads\/2017\/01\/ubi.001-300x200.jpg\" alt=\"\" width=\"300\" height=\"200\" \/><noscript><img loading=\"lazy\" decoding=\"async\" class=\"alignleft size-medium wp-image-40861\" src=\"https:\/\/www.hipodromo.com\/wp-content\/uploads\/2017\/01\/ubi.001-300x200.jpg\" alt=\"\" width=\"300\" height=\"200\" srcset=\"https:\/\/www.hipodromo.com\/wp-content\/uploads\/2017\/01\/ubi.001-300x200.jpg 300w, https:\/\/www.hipodromo.com\/wp-content\/uploads\/2017\/01\/ubi.001-768x512.jpg 768w, https:\/\/www.hipodromo.com\/wp-content\/uploads\/2017\/01\/ubi.001-1024x683.jpg 1024w, https:\/\/www.hipodromo.com\/wp-content\/uploads\/2017\/01\/ubi.001-1920x1280.jpg 1920w, https:\/\/www.hipodromo.com\/wp-content\/uploads\/2017\/01\/ubi.001-272x182.jpg 272w\" sizes=\"auto, (max-width: 300px) 100vw, 300px\" \/><\/noscript> <img loading=\"lazy\" decoding=\"async\" class=\"fy-image fy-image-responsive fy-lazy alignleft size-medium wp-image-40864\" src=\"https:\/\/www.hipodromo.com\/wp-content\/themes\/salmon\/frontend\/assets\/images\/placeholder.png\" data-src=\"https:\/\/www.hipodromo.com\/wp-content\/uploads\/2017\/01\/ubi.004-300x200.jpg\" alt=\"\" width=\"300\" height=\"200\" \/><noscript><img loading=\"lazy\" decoding=\"async\" class=\"alignleft size-medium wp-image-40864\" src=\"https:\/\/www.hipodromo.com\/wp-content\/uploads\/2017\/01\/ubi.004-300x200.jpg\" alt=\"\" width=\"300\" height=\"200\" srcset=\"https:\/\/www.hipodromo.com\/wp-content\/uploads\/2017\/01\/ubi.004-300x200.jpg 300w, https:\/\/www.hipodromo.com\/wp-content\/uploads\/2017\/01\/ubi.004-768x512.jpg 768w, https:\/\/www.hipodromo.com\/wp-content\/uploads\/2017\/01\/ubi.004-1024x683.jpg 1024w, https:\/\/www.hipodromo.com\/wp-content\/uploads\/2017\/01\/ubi.004-1920x1280.jpg 1920w, https:\/\/www.hipodromo.com\/wp-content\/uploads\/2017\/01\/ubi.004-272x182.jpg 272w\" sizes=\"auto, (max-width: 300px) 100vw, 300px\" \/><\/noscript><\/p>\n<p>&nbsp;<\/p>\n<p>&nbsp;<\/p>\n<p>&nbsp;<\/p>\n<p>&nbsp;<\/p>\n<p style=\"text-align: center;\"><strong>Hip\u00f3dromo Presidente Rem\u00f3n<\/strong><br \/>\n<strong> V\u00eda Jos\u00e9 Agust\u00edn Arango, Juan D\u00edaz, Panam\u00e1<\/strong><br \/>\n<strong> Tel.:\u00a0(507) 377 \u2013 2600\/ (507) 377-2630<\/strong><br \/>\n<strong> Apartado: 0834-02782, Zona 9A Panam\u00e1.<\/strong><\/p>\n","protected":false},"excerpt":{"rendered":"<p>El Hip\u00f3dromo Presidente Rem\u00f3n est\u00e1 a solo 10 minutos del centro de la ciudad de Panam\u00e1, por el Corredor Sur y ubicado en el corregimiento de Juan D\u00edaz, sobre la &#8230;<\/p>\n","protected":false},"author":1,"featured_media":0,"parent":0,"menu_order":0,"comment_status":"closed","ping_status":"closed","template":"template-contact.php","meta":{"_exactmetrics_skip_tracking":false,"_exactmetrics_sitenote_active":false,"_exactmetrics_sitenote_note":"","_exactmetrics_sitenote_category":0,"footnotes":""},"class_list":["post-817","page","type-page","status-publish","hentry"],"_links":{"self":[{"href":"https:\/\/www.hipodromo.com\/index.php\/wp-json\/wp\/v2\/pages\/817","targetHints":{"allow":["GET"]}}],"collection":[{"href":"https:\/\/www.hipodromo.com\/index.php\/wp-json\/wp\/v2\/pages"}],"about":[{"href":"https:\/\/www.hipodromo.com\/index.php\/wp-json\/wp\/v2\/types\/page"}],"author":[{"embeddable":true,"href":"https:\/\/www.hipodromo.com\/index.php\/wp-json\/wp\/v2\/users\/1"}],"replies":[{"embeddable":true,"href":"https:\/\/www.hipodromo.com\/index.php\/wp-json\/wp\/v2\/comments?post=817"}],"version-history":[{"count":13,"href":"https:\/\/www.hipodromo.com\/index.php\/wp-json\/wp\/v2\/pages\/817\/revisions"}],"predecessor-version":[{"id":40860,"href":"https:\/\/www.hipodromo.com\/index.php\/wp-json\/wp\/v2\/pages\/817\/revisions\/40860"}],"wp:attachment":[{"href":"https:\/\/www.hipodromo.com\/index.php\/wp-json\/wp\/v2\/media?parent=817"}],"curies":[{"name":"wp","href":"https:\/\/api.w.org\/{rel}","templated":true}]}}