{"id":5201,"date":"2017-05-29T19:49:29","date_gmt":"2017-05-30T00:49:29","guid":{"rendered":"https:\/\/www.hipodromo.com\/?page_id=5201"},"modified":"2017-05-29T20:11:46","modified_gmt":"2017-05-30T01:11:46","slug":"historia-del-uso-de-los-sombrero","status":"publish","type":"page","link":"https:\/\/www.hipodromo.com\/index.php\/historia-del-uso-de-los-sombrero\/","title":{"rendered":"Historia del Uso De Los Sombrero"},"content":{"rendered":"<div id=\"grid-gallery-6-14907\" data-gg-id=\"6\" data-title=\" Hip\u00f3dromo Presidente Rem\u00f3n\" data-grid-type=\"0\" data-offset=\"5.3\" data-area-position=\"center\" data-icons=\"\" data-preloader=\"\" data-width=\"215\" data-height=\"215\" data-padding=\"\" data-quicksand=\"disabled\" data-quicksand-duration=\"none\" data-popup-theme=\"theme_6\" data-popup-type=\"pretty-photo\" data-popup-image-text=\"title\" data-popup-widthsize=\"auto\" data-popup-heightsize=\"auto\" data-popup-i18n-words=\"{&quot;close&quot;:&quot;cerrar&quot;,&quot;next&quot;:&quot;siguiente&quot;,&quot;previous&quot;:&quot;anterior&quot;,&quot;start_slideshow&quot;:&quot;comenzar reproducci\\u00f3n&quot;,&quot;stop_slideshow&quot;:&quot;detener reproducci\\u00f3n&quot;,&quot;image&quot;:&quot;imagen&quot;,&quot;of&quot;:&quot;de&quot;,&quot;prev&quot;:&quot;ant&quot;,&quot;cExpand&quot;:&quot;Ampliar&quot;,&quot;cPrevious&quot;:&quot;Anterior&quot;,&quot;cNext&quot;:&quot;Siguiente&quot;,&quot;cExpandStr&quot;:&quot;Expandir la imagen&quot;,&quot;cRotate&quot;:&quot;Gire&quot;,&quot;cDetails&quot;:&quot;Details&quot;}\" data-popup-slideshow=\"false\" data-popup-slideshow-speed=\"2500\" data-popup-hoverstop=\"true\" data-popup-slideshow-auto=\"false\" data-popup-background=\"\" data-popup-transparency=\"30\" data-popup-disable-history=\"\" data-popup-disable-changed-url=\"\" data-popup-border-type=\"\" data-popup-border-color=\"\" data-popup-border-width=\"\" data-popup-border-enable=\"\" data-fullscreen=\"false\" data-hide-tooltip=\"\" data-caption-font-family=\"\" data-caption-text-size=\"140\" data-is-mobile=\"0\" data-caption-mobile=\"false\" data-hide-long-tltp-title=\"0\" data-caption-disabled-on-mobile=\"false\" data-popup-placement-type=\"0\" data-social-sharing=\"{&quot;enabled&quot;:null,&quot;gallerySharing&quot;:{&quot;enabled&quot;:null,&quot;position&quot;:null},&quot;imageSharing&quot;:{&quot;enabled&quot;:null,&quot;wrapperClass&quot;:&quot; vertical &quot;},&quot;popupSharing&quot;:{&quot;enabled&quot;:null,&quot;wrapperClass&quot;:&quot; vertical &quot;}}\" class=\"grid-gallery grid-gallery-fixed \" style=\" width:100%; height:auto; margin-left:auto; margin-right:auto;position:relative;\"> <div class=\"gallery-loading\"> <div class=\"blocks\"> <div class=\"block\"><\/div> <div class=\"block\"><\/div> <div class=\"block\"><\/div> <div class=\"block\"><\/div> <\/div> <\/div> <div class=\"gallery-sharing-top\" style=\"display:none;\"> <\/div> <div id=\"photos-6\" class=\"grid-gallery-photos\"><FIGURE class=\"grid-gallery-caption\" data-grid-gallery-type=\"quarter-slide-up\" data-index=\"0\" style=\"display:none;border-radius:00;; margin:5.3px; width:2150;\" ><div class=\"crop\" style=\" width:2150; height:2150; overflow:hidden;\"><img decoding=\"async\" src=\"https:\/\/www.hipodromo.com\/wp-content\/uploads\/2017\/01\/889CA0D2-2570-49C9-8342-200174BCED78-1-215x215.jpg\" class=\"ggImg\" alt=\"Hip\u00f3dromo Presidente Rem\u00f3n Panam\u00e1\" title=\"889CA0D2-2570-49C9-8342-200174BCED78-1\" data-description=\"889CA0D2-2570-49C9-8342-200174BCED78-1\" data-caption=\"889CA0D2-2570-49C9-8342-200174BCED78-1\" data-title=\"889CA0D2-2570-49C9-8342-200174BCED78-1\" style=\" width:215px; height:215px;\" \/><\/div><FIGCAPTION class=\"\" data-alpha=\"5\" style=\"color:#ffffff; background-color:#6f0000; font-size:140; text-align:2; font-family:;\" ><div class=\"grid-gallery-figcaption-wrap\" style=\"\"><\/div><\/FIGCAPTION><\/FIGURE><FIGURE class=\"grid-gallery-caption\" data-grid-gallery-type=\"quarter-slide-up\" data-index=\"1\" style=\"display:none;border-radius:00;; margin:5.3px; width:2150;\" ><div class=\"crop\" style=\" width:2150; height:2150; overflow:hidden;\"><img decoding=\"async\" src=\"https:\/\/www.hipodromo.com\/wp-content\/uploads\/2017\/01\/8300FC8E-44D7-49A9-99A8-4BDB1D369E3C-215x215.jpg\" class=\"ggImg\" alt=\"\" title=\"\" data-description=\"\" data-caption=\"Hip\u00f3dromo Presidente Rem\u00f3n\" data-title=\"\" style=\" width:215px; height:215px;\" \/><\/div><FIGCAPTION class=\"\" data-alpha=\"5\" style=\"color:#ffffff; background-color:#6f0000; font-size:140; text-align:2; font-family:;\" ><div class=\"grid-gallery-figcaption-wrap\" style=\"\"><\/div><\/FIGCAPTION><\/FIGURE> <div class=\"grid-gallery-clearfix\"><\/div> <\/div> <div class=\"gallery-sharing-bottom\" style=\"display:none;\"> <\/div> <div class=\"gallery-sharing-image\" style=\"display:none;\"> <\/div> <div class=\"gallery-sharing-popup\" style=\"display:none;\"> <\/div> <div class=\"grid-gallery-clearfix\"><\/div> <\/div> <!-- Gallery by Supsystic plugin1.16.0 --><a title=\"Wordpress Gallery Plugin Free\" style=\"display:none;\" href=\"https:\/\/supsystic.com\/plugins\/photo-gallery\/?utm_medium=love_link\" target=\"_blank\">Wordpress Gallery Plugin Free<\/a>\n<p>Pocos lugares deportivos pueden igualar la rica historia y el patrimonio del Royal Ascot de Gran Breta\u00f1a.\u00a0La historia de los sombreros comenz\u00f3 en el hip\u00f3dromo ingl\u00e9s\u00a0fundado en 1711 por la reina Ana\u2013 con sus 300 a\u00f1os de esplendor, moda y tradiciones firmemente intactas.<\/p>\n<p>El uso de sombreros es otra tradici\u00f3n que remonta a la familia real: no se consideraba respetuoso tener la cabeza descubierta en la presencia del monarca.<\/p>\n<p>La Reina es a menudo el centro de una especulaci\u00f3n febril en cuanto al color y estilo de sombrero que usar\u00e1 un d\u00eda determinado.<\/p>\n<p>En el D\u00eda de las Damas, los sombreros a menudo van desde lo exquisito hasta lo exc\u00e9ntrico. Como una de las pocas ocasiones sociales restantes que requieren a las damas usar sombreros, los amantes de la moda en los \u00faltimos a\u00f1os han elevado las expectativas con dise\u00f1os escult\u00f3ricos que son obras de arte por derecho propio.<\/p>\n<p>Lee el articulo completo aqui:\u00a0<a href=\"http:\/\/edition.cnn.com\/2011\/SPORT\/06\/14\/horse.racing.royal.ascot\/\">http:\/\/edition.cnn.com\/2011\/SPORT\/06\/14\/horse.racing.royal.ascot\/<\/a><\/p>\n","protected":false},"excerpt":{"rendered":"<p>Pocos lugares deportivos pueden igualar la rica historia y el patrimonio del Royal Ascot de Gran Breta\u00f1a.\u00a0La historia de los sombreros comenz\u00f3 en el hip\u00f3dromo ingl\u00e9s\u00a0fundado en 1711 por la &#8230;<\/p>\n","protected":false},"author":1,"featured_media":0,"parent":0,"menu_order":0,"comment_status":"closed","ping_status":"closed","template":"","meta":{"_exactmetrics_skip_tracking":false,"_exactmetrics_sitenote_active":false,"_exactmetrics_sitenote_note":"","_exactmetrics_sitenote_category":0,"footnotes":""},"class_list":["post-5201","page","type-page","status-publish","hentry"],"_links":{"self":[{"href":"https:\/\/www.hipodromo.com\/index.php\/wp-json\/wp\/v2\/pages\/5201","targetHints":{"allow":["GET"]}}],"collection":[{"href":"https:\/\/www.hipodromo.com\/index.php\/wp-json\/wp\/v2\/pages"}],"about":[{"href":"https:\/\/www.hipodromo.com\/index.php\/wp-json\/wp\/v2\/types\/page"}],"author":[{"embeddable":true,"href":"https:\/\/www.hipodromo.com\/index.php\/wp-json\/wp\/v2\/users\/1"}],"replies":[{"embeddable":true,"href":"https:\/\/www.hipodromo.com\/index.php\/wp-json\/wp\/v2\/comments?post=5201"}],"version-history":[{"count":5,"href":"https:\/\/www.hipodromo.com\/index.php\/wp-json\/wp\/v2\/pages\/5201\/revisions"}],"predecessor-version":[{"id":5206,"href":"https:\/\/www.hipodromo.com\/index.php\/wp-json\/wp\/v2\/pages\/5201\/revisions\/5206"}],"wp:attachment":[{"href":"https:\/\/www.hipodromo.com\/index.php\/wp-json\/wp\/v2\/media?parent=5201"}],"curies":[{"name":"wp","href":"https:\/\/api.w.org\/{rel}","templated":true}]}}