{"id":5195,"date":"2017-05-29T19:39:13","date_gmt":"2017-05-30T00:39:13","guid":{"rendered":"https:\/\/www.hipodromo.com\/?page_id=5195"},"modified":"2024-07-24T16:19:15","modified_gmt":"2024-07-24T21:19:15","slug":"historia-de-el-gran-clasico-presidente-de-la-republica","status":"publish","type":"page","link":"https:\/\/www.hipodromo.com\/index.php\/historia-de-el-gran-clasico-presidente-de-la-republica\/","title":{"rendered":"Historia de El Gran Cl\u00e1sico Presidente de la Rep\u00fablica"},"content":{"rendered":"<p><strong>\u2018Eagle in Love\u00b4 galop\u00f3 el Cl\u00e1sico Presidente 2024<\/strong><strong>\u00a0 \u00a0<\/strong><\/p>\n<p>El ejemplar estadounidense \u2018Eagle in Love\u2019 con una monta de primera brindada por el jinete paname\u00f1o Omar Hern\u00e1ndez Jr. dieron el triunfo al propietario y criador Eric Antonio Delvalle de la versi\u00f3n N\u00b0 95 del Cl\u00e1sico Presidente de la Rep\u00fablica, (Grado 1), celebrado en la tanda dominical del Hip\u00f3dromo Presidente Rem\u00f3n.<\/p>\n<p>El colorado de 5 a\u00f1os, \u2018Eagle in Love\u2019 corri\u00f3 para los colores del Stud El \u00c1guila, entrenado por Roberto Arango, mientras el ejemplar logr\u00f3 su sexto triunfo en nuestro medio, y atr\u00e1s del ganador llegaron: \u2018Panam\u00e1 Happy\u2019, \u2018Takao\u2019, el nacional \u2018El Rojo\u2019, y cerrando el marcador, \u2018Lead Singer\u2019.<\/p>\n<p>Los fraccionales fueron de 22.4 quintos los primeros 400 metros, 47 segundos los 800 metros, 1.12.3 quintos los mil 200 metros, 1.39.1 quinto los mil 600 metros y 2.11.2 quintos los 2 mil 100 metros.<\/p>\n<p>El inversionista h\u00edpico Eric Antonio Delvalle es el criador de este ejemplar en los Estados Unidos, un hijo de \u2018Mariisima\u2019 (ganadora del Presidente 2005), tambi\u00e9n propiedad del Stud El \u00c1guila, igualmente el propietario Delvalle ha logrado el Cl\u00e1sico Presidente con \u00a0\u2018Forever Fixed\u2019 (2013), y \u2018Promise to Power\u2019 (2018).<\/p>\n<p><strong>CEREMONIA<\/strong><\/p>\n<p>El Presidente de la Rep\u00fablica, Jos\u00e9 Ra\u00fal Mulino entreg\u00f3 el trofeo del triunfo al propietario y criador Eric Antonio Delvalle, y los acompa\u00f1aron, la Primera Dama de la Rep\u00fablica, Marisel Cohen de Mulino, tambi\u00e9n Jos\u00e9 Ra\u00fal Mulino Cohen, Aquilino Vallarino; la Presidenta de la Asamblea Nacional, Dana Casta\u00f1eda, Katerina Evans; la Ministra de Educaci\u00f3n, Lucy Molinar, el Ministro de Econom\u00eda y Finanzas, Felipe Chapman; el Director Pa\u00eds de Codere,\u00a0 Juan Crist\u00f3bal Zu\u00f1iga, y el Director de Operaciones H\u00edpicas de Codere \u2013 Panam\u00e1, Carlos De Oliveira, entre otras distinguidas personalidades.<\/p>\n<p><strong>\u00a0<\/strong><\/p>\n<p><strong>H\u00c1NDICAPS DE LA TARDE<\/strong><\/p>\n<p>El H\u00e1ndicap Crown Casinos, patrocinado por autos Changan lo gan\u00f3 \u2018Rey Estuardo\u2019; adem\u00e1s en el H\u00e1ndicap la emisora la \u201cKY\u201d lo gan\u00f3 \u2018Qaader\u2019; por su lado, en el H\u00e1ndicap \u201cLa Prensa \u2013Mi Diario\u201d se lo anex\u00f3 \u2018Bodock\u2019; mientras que el H\u00e1ndicap de las emisoras \u201cFabulosa y Tropi Q,\u201d, gan\u00f3 \u2018Gianlucca A.G.\u2019; el H\u00e1ndicap \u201cLa Estrella \u2013 El Siglo\u201d se la anex\u00f3 \u2018Tormenta de Amor\u2019; en el H\u00e1ndicap \u201cBalboa Ice y Corona\u201d gano \u2018Ofi\u2019, y el H\u00e1ndicap \u201cRPC TV\u201d se la vol\u00f3 \u2019Hurac\u00e1n Fe\u2019.<\/p>\n<p><img loading=\"lazy\" decoding=\"async\" class=\"fy-image fy-image-responsive fy-lazy alignnone size-medium wp-image-60448\" src=\"https:\/\/www.hipodromo.com\/wp-content\/themes\/salmon\/frontend\/assets\/images\/placeholder.png\" data-src=\"https:\/\/www.hipodromo.com\/wp-content\/uploads\/2024\/07\/1-300x200.jpeg\" alt=\"\" width=\"300\" height=\"200\" \/><noscript><img loading=\"lazy\" decoding=\"async\" class=\"alignnone size-medium wp-image-60448\" src=\"https:\/\/www.hipodromo.com\/wp-content\/uploads\/2024\/07\/1-300x200.jpeg\" alt=\"\" width=\"300\" height=\"200\" srcset=\"https:\/\/www.hipodromo.com\/wp-content\/uploads\/2024\/07\/1-300x200.jpeg 300w, https:\/\/www.hipodromo.com\/wp-content\/uploads\/2024\/07\/1-1024x681.jpeg 1024w, https:\/\/www.hipodromo.com\/wp-content\/uploads\/2024\/07\/1-768x511.jpeg 768w, https:\/\/www.hipodromo.com\/wp-content\/uploads\/2024\/07\/1-1536x1022.jpeg 1536w, https:\/\/www.hipodromo.com\/wp-content\/uploads\/2024\/07\/1-2048x1363.jpeg 2048w, https:\/\/www.hipodromo.com\/wp-content\/uploads\/2024\/07\/1-1920x1278.jpeg 1920w, https:\/\/www.hipodromo.com\/wp-content\/uploads\/2024\/07\/1-272x182.jpeg 272w\" sizes=\"auto, (max-width: 300px) 100vw, 300px\" \/><\/noscript> <img loading=\"lazy\" decoding=\"async\" class=\"fy-image fy-image-responsive fy-lazy alignnone size-medium wp-image-60449\" src=\"https:\/\/www.hipodromo.com\/wp-content\/themes\/salmon\/frontend\/assets\/images\/placeholder.png\" data-src=\"https:\/\/www.hipodromo.com\/wp-content\/uploads\/2024\/07\/5-300x200.jpg\" alt=\"\" width=\"300\" height=\"200\" \/><noscript><img loading=\"lazy\" decoding=\"async\" class=\"alignnone size-medium wp-image-60449\" src=\"https:\/\/www.hipodromo.com\/wp-content\/uploads\/2024\/07\/5-300x200.jpg\" alt=\"\" width=\"300\" height=\"200\" srcset=\"https:\/\/www.hipodromo.com\/wp-content\/uploads\/2024\/07\/5-300x200.jpg 300w, https:\/\/www.hipodromo.com\/wp-content\/uploads\/2024\/07\/5-768x511.jpg 768w, https:\/\/www.hipodromo.com\/wp-content\/uploads\/2024\/07\/5-272x182.jpg 272w, https:\/\/www.hipodromo.com\/wp-content\/uploads\/2024\/07\/5.jpg 1024w\" sizes=\"auto, (max-width: 300px) 100vw, 300px\" \/><\/noscript><img loading=\"lazy\" decoding=\"async\" class=\"fy-image fy-image-responsive fy-lazy alignnone size-medium wp-image-60450\" src=\"https:\/\/www.hipodromo.com\/wp-content\/themes\/salmon\/frontend\/assets\/images\/placeholder.png\" data-src=\"https:\/\/www.hipodromo.com\/wp-content\/uploads\/2024\/07\/3-300x200.jpg\" alt=\"\" width=\"300\" height=\"200\" \/><noscript><img loading=\"lazy\" decoding=\"async\" class=\"alignnone size-medium wp-image-60450\" src=\"https:\/\/www.hipodromo.com\/wp-content\/uploads\/2024\/07\/3-300x200.jpg\" alt=\"\" width=\"300\" height=\"200\" srcset=\"https:\/\/www.hipodromo.com\/wp-content\/uploads\/2024\/07\/3-300x200.jpg 300w, https:\/\/www.hipodromo.com\/wp-content\/uploads\/2024\/07\/3-768x511.jpg 768w, https:\/\/www.hipodromo.com\/wp-content\/uploads\/2024\/07\/3-272x182.jpg 272w, https:\/\/www.hipodromo.com\/wp-content\/uploads\/2024\/07\/3.jpg 1024w\" sizes=\"auto, (max-width: 300px) 100vw, 300px\" \/><\/noscript><\/p>\n<p><strong>El Cl\u00e1sico Presidente de la Rep\u00fablica<\/strong><\/p>\n<p>La historia del Cl\u00e1sico Presidente inicia en 1923, en el desaparecido Hip\u00f3dromo de Juan Franco, donde el ejemplar La Victoirie, con la monta del jinete Emilio Ter\u00e1n, se llev\u00f3 este cl\u00e1sico que honra al Presidente de la Rep\u00fablica.<\/p>\n<p>El \u00faltimo Cl\u00e1sico Presidente de la Rep\u00fablica que se celebr\u00f3 en el Hip\u00f3dromo de Juan Franco, fue el 29 de abril de 1956, ganado por el ejemplar Polem\u00f3n, con la monta del jinete H\u00e9ctor Ru\u00edz, bajo la preparaci\u00f3n de V\u00edctor Morrell, perteneciente al Stud Valentino.<\/p>\n<p>El primer Cl\u00e1sico Presidente de la Rep\u00fablica, celebrado en el Hip\u00f3dromo Presidente Rem\u00f3n, fue en el a\u00f1o de 1957, evento en el que triunf\u00f3 el ejemplar Surumeno, con la gu\u00eda del l\u00e1tigo Blas Aguirre, con la preparaci\u00f3n de Arturo Juli\u00e1n Dorade y los colores de Antonio Anguizola.<\/p>\n<p>El trofeo anhelado por un propietario<\/p>\n<p>Siguiendo con la historia de los Cl\u00e1sico Presidente de la Rep\u00fablica, en cuanto a propietarios de ejemplares de carreras, hay que destacar los colores de Isaac Tawachi, que son los \u00fanicos que han cruzado la meta en primera posici\u00f3n, en tres a\u00f1os seguidos en el evento presidencial, con el gran ejemplar El Catedr\u00e1tico, en 1992, 1993 y 1994.<\/p>\n<p>Isaac Tawachi es el que m\u00e1s ha ganado el Cl\u00e1sico Presidente como propietario con siete: en 1985, con Matete; 1992-93-94, con El Catedr\u00e1tico; 2006, Excellent Shine, en el 2011, con el triple coronado nacional Voy Porque Voy y con El Gran General, 2022.<\/p>\n<p><strong>El \u00e9xito m\u00e1s grande un preparador<\/strong><\/p>\n<p>En cuanto a los preparadores podemos mencionar a Alberto Paz Rodr\u00edguez, como el m\u00e1ximo ganador de estos eventos cl\u00e1sicos, al ensillar 8 ganadores.<\/p>\n<p>Alberto Paz Rodr\u00edguez, el mayor ganador de carreras en Panam\u00e1 y uno de los m\u00e1s brillantes en Am\u00e9rica Latina, con marca de 20 estad\u00edsticas consecutivas, que lo ubica nacional e internacionalmente con esta marca como el mejor, ensill\u00f3 a los ganadores Cambalache en 1982; New Yor New York en 1984, Pi Phi Prince en 1990, Brujo en el 2001: Figo 2003; Cuentmelotoo, 2008; Forever Fixed, 2013 y Capocostello 2021.<\/p>\n<p>Andr\u00e9s Farrugia, hijo de uno de los inmortales de la h\u00edpica paname\u00f1a, Luis Humberto \u201cMago\u201d Farrugia, es el segundo con m\u00e1s triunfos en la historia de los Cl\u00e1sicos Presidente de la Rep\u00fablica al ensillar ambos 7 ganadores en el Hip\u00f3dromo Presidente Rem\u00f3n.<\/p>\n<p>Los triunfos de Farrugia, fueron con Benedicto, 1980; Pretto 1983; Atlante 1989; El Catedr\u00e1tico, en tres a\u00f1os consecutivos: 1992, 1993 y 1994 y Viva Pancho, en el 2000.<\/p>\n<p>La mantilla de flores, el honor de un ejemplar en esta carrera<\/p>\n<p>En el plano de ejemplares de carreras El Mandam\u00e1s y El Catedr\u00e1tico, son los \u00fanicos que ganaron este evento en tres ocasiones seguidas. El Mandam\u00e1s lo hizo en 1971-1972-1973 y El Catedr\u00e1tico 1992-1993-1994.<\/p>\n<p>El anhelo del jinete paname\u00f1o<\/p>\n<p>Para los jinetes, que act\u00faan en nuestro medio y aquellos que vienen del exterior, ganarse la prueba m\u00e1s importante de la H\u00edpica Paname\u00f1a, como lo es el Cl\u00e1sico \u201cPresidente de la Rep\u00fablica\u201d, representa todo un sue\u00f1o y su consagraci\u00f3n como manos de seda, por la Jerarqu\u00eda del mismo<\/p>\n<p>Luis E. Arango, es el jinete que m\u00e1s ha triunfado en los eventos presidenciales al conseguir siete victorias. Arango, se retrat\u00f3 con\u00a0Viva Pancho (2010); Drago (2007); Cuentmelotto (2008); Voy Porque Voy (2011) Forever Fixed (2013); Salustio (2016) y El Gran General (2022).<\/p>\n<p>Una de las marcas que ha establecido esto evento presidencial, es la del jinete Nobel Abrego, que con solo 16 a\u00f1os, ganaba esta carrera con el ejemplar Cuand\u00fa, en 1981.<\/p>\n<p>Por su parte, \u00c1ngel Rodr\u00edguez, se convierte en el primer jinete aprendiz, que se gana el Cl\u00e1sico Presidente de la Rep\u00fablica en el 2017, con Coltimus Prime.<\/p>\n<p>Mejor tiempo para la distancia de 2,100 metros en el Cl\u00e1sico Presidente.<\/p>\n<p>El ejemplar Capocostello, impone marca en el Cl\u00e1sico Presidente de la Rep\u00fablica, al cronometrar 2.09.4 quintos el 20 de mayo del 2021, bajo los colores del Stud Chestnut Hill Stable, con la gu\u00eda del jinete Wigberto Ramos y la preparaci\u00f3n de Alberto Paz Rodr\u00edguez.<\/p>\n<p><strong>\u00daltimo nacional en ganar el Cl\u00e1sico Presidente de la Rep\u00fablica<\/strong><\/p>\n<p>Igualmente dentro de las haza\u00f1as de este evento presidencial, el \u00faltimo ejemplar nacional que gan\u00f3 en el 2011, el Cl\u00e1sico Presidente de la Rep\u00fablica, lo fue Voy Porque Voy con la conducci\u00f3n de Luis Arango, bajo la preparaci\u00f3n del Dr. Rub\u00e9n Orillac, y propiedad de Isaac Tawachi en un tiempo de 2.13.3 quintos para los 2.100 metros, estableciendo marca para todo caballo nacional en esta distancia.<\/p>\n<p><strong>\u00a0<\/strong><\/p>\n<p><strong>\u00danico ganador con dos roles<\/strong><\/p>\n<p>Ren\u00e9 Douglas, es el \u00fanico en ganar el Cl\u00e1sico Presidente como jinete y due\u00f1o.<\/p>\n<p>Como jinete lo hizo con el ejemplar Jed Forest en 1995, bajo la preparaci\u00f3n de Miguel Mugaburu, perteneciente a los colores del Stud La Marea, de Celestino Carbonell. Y como propietario con Coltimus Prime en el 2017, con los colores del Stud Ren\u00e9 Douglas y preparaci\u00f3n de Roderick Rodr\u00edguez.<\/p>\n<p><strong>\u00a0<\/strong><\/p>\n<p><strong>Bolsa m\u00e1s grande<\/strong><\/p>\n<p>El Cl\u00e1sico Presidente de la Rep\u00fablica, con mayor bolsa fue el del a\u00f1o 1995, al correrse por la suma de B\/.200 mil balboas, m\u00e1s agregado de B\/.86 mil balboas.<\/p>\n<p>Este evento fue ganado por el ejemplar Jed Forest, con la monta de Ren\u00e9 Douglas, preparado por Miguel Mugaburu y perteneciente a los colores del Stud La Marea, de Celestino Carbonell.<\/p>\n<p><strong>Nacionales ganadores del Cl\u00e1sico Presidente de la Rep\u00fablica<\/strong><\/p>\n<p><strong>\u00a0<\/strong><\/p>\n<p><strong>A\u00f1o\u00a0\u00a0 Ejemplares\u00a0\u00a0\u00a0\u00a0\u00a0\u00a0\u00a0\u00a0 Stud\u00a0\u00a0\u00a0\u00a0\u00a0\u00a0\u00a0\u00a0\u00a0\u00a0\u00a0\u00a0\u00a0\u00a0\u00a0\u00a0\u00a0\u00a0\u00a0\u00a0 \u00a0 Preparador\u00a0\u00a0\u00a0\u00a0\u00a0\u00a0 Jinete<\/strong><\/p>\n<p>1967-Tojo\u00a0\u00a0\u00a0\u00a0\u00a0\u00a0\u00a0\u00a0\u00a0\u00a0\u00a0\u00a0\u00a0\u00a0\u00a0\u00a0\u00a0\u00a0\u00a0\u00a0\u00a0\u00a0\u00a0 S. Llano Bonito\u00a0\u00a0\u00a0\u00a0\u00a0\u00a0 \u00a0\u00a0\u00a0\u00a0\u00a0\u00a0\u00a0\u00a0\u00a0 \u00a0\u00a0William Rose\u00a0\u00a0\u00a0\u00a0\u00a0\u00a0\u00a0 G. Millord<\/p>\n<p>1969-Iv\u00e1n\u00a0\u00a0\u00a0\u00a0\u00a0\u00a0\u00a0\u00a0\u00a0\u00a0\u00a0\u00a0\u00a0\u00a0\u00a0\u00a0\u00a0\u00a0\u00a0\u00a0\u00a0\u00a0\u00a0\u00a0 Reginald Douglas\u00a0\u00a0\u00a0 \u00a0\u00a0 R. Douglas\u00a0\u00a0\u00a0\u00a0\u00a0\u00a0\u00a0\u00a0\u00a0 V. Tejada<\/p>\n<p>1978-El Manut\u00a0\u00a0\u00a0\u00a0\u00a0\u00a0\u00a0\u00a0\u00a0\u00a0\u00a0\u00a0\u00a0\u00a0\u00a0\u00a0\u00a0 S.Great Game\u00a0\u00a0\u00a0\u00a0\u00a0\u00a0\u00a0 \u00a0\u00a0 B. Mafla\u00a0\u00a0\u00a0\u00a0\u00a0\u00a0\u00a0\u00a0\u00a0\u00a0\u00a0\u00a0\u00a0 V. Tejada<\/p>\n<p>1981-Chandu\u00a0\u00a0\u00a0\u00a0\u00a0\u00a0\u00a0\u00a0\u00a0\u00a0\u00a0\u00a0\u00a0\u00a0\u00a0\u00a0\u00a0\u00a0 S.Great Game\u00a0\u00a0\u00a0\u00a0\u00a0\u00a0\u00a0 \u00a0\u00a0\u00a0 I. Jim\u00e9nez\u00a0\u00a0\u00a0\u00a0\u00a0\u00a0\u00a0\u00a0\u00a0 N. Abrego<\/p>\n<p>1998-Pancho Marimba\u00a0\u00a0\u00a0\u00a0\u00a0 S. Dios Nos Bendiga\u00a0\u00a0 E. Linares\u00a0\u00a0\u00a0\u00a0\u00a0\u00a0\u00a0\u00a0\u00a0\u00a0 A. Linares<\/p>\n<p>1999-Evaristo\u00a0\u00a0\u00a0\u00a0\u00a0\u00a0\u00a0\u00a0\u00a0\u00a0\u00a0\u00a0\u00a0\u00a0\u00a0\u00a0\u00a0\u00a0 Stud El Naranjo\u00a0\u00a0\u00a0\u00a0\u00a0 \u00a0\u00a0\u00a0\u00a0 R. Arango\u00a0\u00a0\u00a0\u00a0\u00a0\u00a0\u00a0\u00a0\u00a0\u00a0\u00a0\u00a0\u00a0\u00a0\u00a0\u00a0\u00a0\u00a0 P. Guevara<\/p>\n<p>2003-Figo\u00a0\u00a0\u00a0\u00a0\u00a0\u00a0\u00a0\u00a0\u00a0\u00a0\u00a0\u00a0\u00a0\u00a0\u00a0\u00a0\u00a0\u00a0\u00a0\u00a0\u00a0\u00a0\u00a0\u00a0 Stud Las Perlas\u00a0\u00a0\u00a0\u00a0\u00a0 \u00a0\u00a0\u00a0\u00a0 A. P. Rodr\u00edguez A. Sol\u00eds<\/p>\n<p>2005-Mariisima*\u00a0\u00a0\u00a0\u00a0\u00a0\u00a0\u00a0\u00a0\u00a0\u00a0\u00a0\u00a0\u00a0 Stud El \u00c1guila\u00a0\u00a0\u00a0\u00a0\u00a0\u00a0 \u00a0\u00a0\u00a0\u00a0 R. Fern\u00e1ndez\u00a0\u00a0\u00a0 J. Lezcano<\/p>\n<p>2007-Drago\u00a0\u00a0\u00a0\u00a0\u00a0\u00a0\u00a0\u00a0\u00a0\u00a0\u00a0\u00a0\u00a0\u00a0\u00a0\u00a0\u00a0\u00a0\u00a0\u00a0\u00a0 Stud La Marea\u00a0\u00a0\u00a0\u00a0\u00a0\u00a0\u00a0 \u00a0\u00a0\u00a0 Jos\u00e9 Bartoli\u00a0\u00a0\u00a0\u00a0\u00a0\u00a0\u00a0 L. Arango<\/p>\n<p>2011-Voy Porque Voy\u00a0\u00a0\u00a0\u00a0\u00a0\u00a0 Issac Tawachi\u00a0\u00a0\u00a0\u00a0\u00a0\u00a0\u00a0\u00a0 \u00a0\u00a0\u00a0\u00a0 R. Orillac\u00a0\u00a0\u00a0\u00a0\u00a0\u00a0\u00a0\u00a0\u00a0\u00a0 L. Arango<\/p>\n<p>*Mariisima, \u00fanica yegua en ganar el Cl\u00e1sico Presidente de la Rep\u00fablica.<\/p>\n","protected":false},"excerpt":{"rendered":"<p>\u2018Eagle in Love\u00b4 galop\u00f3 el Cl\u00e1sico Presidente 2024\u00a0 \u00a0 El ejemplar estadounidense \u2018Eagle in Love\u2019 con una monta de primera brindada por el jinete paname\u00f1o Omar Hern\u00e1ndez Jr. dieron el &#8230;<\/p>\n","protected":false},"author":1,"featured_media":0,"parent":0,"menu_order":0,"comment_status":"closed","ping_status":"closed","template":"","meta":{"_exactmetrics_skip_tracking":false,"_exactmetrics_sitenote_active":false,"_exactmetrics_sitenote_note":"","_exactmetrics_sitenote_category":0,"footnotes":""},"class_list":["post-5195","page","type-page","status-publish","hentry"],"_links":{"self":[{"href":"https:\/\/www.hipodromo.com\/index.php\/wp-json\/wp\/v2\/pages\/5195","targetHints":{"allow":["GET"]}}],"collection":[{"href":"https:\/\/www.hipodromo.com\/index.php\/wp-json\/wp\/v2\/pages"}],"about":[{"href":"https:\/\/www.hipodromo.com\/index.php\/wp-json\/wp\/v2\/types\/page"}],"author":[{"embeddable":true,"href":"https:\/\/www.hipodromo.com\/index.php\/wp-json\/wp\/v2\/users\/1"}],"replies":[{"embeddable":true,"href":"https:\/\/www.hipodromo.com\/index.php\/wp-json\/wp\/v2\/comments?post=5195"}],"version-history":[{"count":9,"href":"https:\/\/www.hipodromo.com\/index.php\/wp-json\/wp\/v2\/pages\/5195\/revisions"}],"predecessor-version":[{"id":60474,"href":"https:\/\/www.hipodromo.com\/index.php\/wp-json\/wp\/v2\/pages\/5195\/revisions\/60474"}],"wp:attachment":[{"href":"https:\/\/www.hipodromo.com\/index.php\/wp-json\/wp\/v2\/media?parent=5195"}],"curies":[{"name":"wp","href":"https:\/\/api.w.org\/{rel}","templated":true}]}}