{"id":2357,"date":"2017-02-06T00:42:47","date_gmt":"2017-02-06T00:42:47","guid":{"rendered":"https:\/\/www.hipodromo.com\/?page_id=2357"},"modified":"2025-12-08T18:21:59","modified_gmt":"2025-12-08T23:21:59","slug":"clasico-del-caribe","status":"publish","type":"page","link":"https:\/\/www.hipodromo.com\/index.php\/clasico-del-caribe\/","title":{"rendered":"Cl\u00e1sico del Caribe"},"content":{"rendered":"<h1><strong>SERIE H\u00cdPICA DEL CARIBE 2025<\/strong><\/h1>\n<p><strong>El potro tres a\u00f1ero \u2018Lodyto Race\u2019, representante de M\u00e9xico, gan\u00f3 en un franco galope la versi\u00f3n N\u00b057 del Cl\u00e1sico Internacional del Caribe 2025, con gu\u00eda del jinete boricua Irad Ort\u00edz Jr.<\/strong><\/p>\n<p><strong>\u2018Lodyto Race\u2019 logr\u00f3 su victoria N\u00b010 en trece presentaciones, para los colores de la Cuadra Irish, entrenada por De Jes\u00fas S\u00e1nchez V\u00e1squez, criada en la Granja San Isidro, siendo hija del padrillo \u2018Zeewat\u2019, en la yegua madre, \u2018Mila Race\u2019, por el abuelo materno, \u2018Danzing Prone Race\u2019.<\/strong><\/p>\n<p><strong>Arr\u00e1s de \u2018Lodyto Race\u2019, llegaron, los nacionales, \u2018Sol Auyan Tepuy\u2019, \u2018Brigo\u2019, el puertorrique\u00f1o \u2018Radi\u00f3logp\u2019 y cerr\u00f3 el marcador, el paname\u00f1o \u2018Cholo Moon\u2019 <\/strong><\/p>\n<p><strong>La carrera se desarroll\u00f3 en parciales de 24.3 quintos para los 400 metros, 50 segundos los 800 metros, 1.14.3 quintos los mil 200 metro, 1.40.2 quintos para los mil 600 metros, y 1.53 exactos para los mil 800 metros.<\/strong><\/p>\n<p><strong>En la ceremonia protocolar, Gerald Castillo por el patrocinador Carta Vieja, le cedi\u00f3 el honor a Su Excelencia, Fernando Boyd Galindo, Ministro de Salud de Panam\u00e1, para que entregara junto al homenajeado, Alberto Paz Rodr\u00edguez la entrega del trofeo a los propietarios, Claudio \u00c1lvarez y Jovany Gabriel, en compa\u00f1\u00eda del criador ganador, Claudio \u00c1lvarez padre.<\/strong><\/p>\n<p><img loading=\"lazy\" decoding=\"async\" class=\"fy-image fy-image-responsive fy-lazy alignnone size-medium wp-image-72092\" src=\"https:\/\/www.hipodromo.com\/wp-content\/themes\/salmon\/frontend\/assets\/images\/placeholder.png\" data-src=\"https:\/\/www.hipodromo.com\/wp-content\/uploads\/2025\/12\/CARRERA-10-2-LODITO-RACE-MEX5-1-300x169.jpg\" alt=\"\" width=\"300\" height=\"169\" \/><noscript><img loading=\"lazy\" decoding=\"async\" class=\"alignnone size-medium wp-image-72092\" src=\"https:\/\/www.hipodromo.com\/wp-content\/uploads\/2025\/12\/CARRERA-10-2-LODITO-RACE-MEX5-1-300x169.jpg\" alt=\"\" width=\"300\" height=\"169\" srcset=\"https:\/\/www.hipodromo.com\/wp-content\/uploads\/2025\/12\/CARRERA-10-2-LODITO-RACE-MEX5-1-300x169.jpg 300w, https:\/\/www.hipodromo.com\/wp-content\/uploads\/2025\/12\/CARRERA-10-2-LODITO-RACE-MEX5-1-1024x576.jpg 1024w, https:\/\/www.hipodromo.com\/wp-content\/uploads\/2025\/12\/CARRERA-10-2-LODITO-RACE-MEX5-1-768x432.jpg 768w, https:\/\/www.hipodromo.com\/wp-content\/uploads\/2025\/12\/CARRERA-10-2-LODITO-RACE-MEX5-1-1536x864.jpg 1536w, https:\/\/www.hipodromo.com\/wp-content\/uploads\/2025\/12\/CARRERA-10-2-LODITO-RACE-MEX5-1-2048x1152.jpg 2048w, https:\/\/www.hipodromo.com\/wp-content\/uploads\/2025\/12\/CARRERA-10-2-LODITO-RACE-MEX5-1-1920x1080.jpg 1920w\" sizes=\"auto, (max-width: 300px) 100vw, 300px\" \/><\/noscript><\/p>\n<p><img loading=\"lazy\" decoding=\"async\" class=\"fy-image fy-image-responsive fy-lazy alignnone size-medium wp-image-72094\" src=\"https:\/\/www.hipodromo.com\/wp-content\/themes\/salmon\/frontend\/assets\/images\/placeholder.png\" data-src=\"https:\/\/www.hipodromo.com\/wp-content\/uploads\/2025\/12\/CARRERA-10-2-LODITO-RACE-MEX9-1-300x169.jpg\" alt=\"\" width=\"300\" height=\"169\" \/><noscript><img loading=\"lazy\" decoding=\"async\" class=\"alignnone size-medium wp-image-72094\" src=\"https:\/\/www.hipodromo.com\/wp-content\/uploads\/2025\/12\/CARRERA-10-2-LODITO-RACE-MEX9-1-300x169.jpg\" alt=\"\" width=\"300\" height=\"169\" srcset=\"https:\/\/www.hipodromo.com\/wp-content\/uploads\/2025\/12\/CARRERA-10-2-LODITO-RACE-MEX9-1-300x169.jpg 300w, https:\/\/www.hipodromo.com\/wp-content\/uploads\/2025\/12\/CARRERA-10-2-LODITO-RACE-MEX9-1-1024x576.jpg 1024w, https:\/\/www.hipodromo.com\/wp-content\/uploads\/2025\/12\/CARRERA-10-2-LODITO-RACE-MEX9-1-768x432.jpg 768w, https:\/\/www.hipodromo.com\/wp-content\/uploads\/2025\/12\/CARRERA-10-2-LODITO-RACE-MEX9-1-1536x864.jpg 1536w, https:\/\/www.hipodromo.com\/wp-content\/uploads\/2025\/12\/CARRERA-10-2-LODITO-RACE-MEX9-1-2048x1152.jpg 2048w, https:\/\/www.hipodromo.com\/wp-content\/uploads\/2025\/12\/CARRERA-10-2-LODITO-RACE-MEX9-1-1920x1080.jpg 1920w\" sizes=\"auto, (max-width: 300px) 100vw, 300px\" \/><\/noscript><\/p>\n<p><img loading=\"lazy\" decoding=\"async\" class=\"fy-image fy-image-responsive fy-lazy alignnone size-medium wp-image-72080\" src=\"https:\/\/www.hipodromo.com\/wp-content\/themes\/salmon\/frontend\/assets\/images\/placeholder.png\" data-src=\"https:\/\/www.hipodromo.com\/wp-content\/uploads\/2025\/12\/CARRERA-10-2-LODITO-RACE-MEX7-200x300.jpg\" alt=\"\" width=\"200\" height=\"300\" \/><noscript><img loading=\"lazy\" decoding=\"async\" class=\"alignnone size-medium wp-image-72080\" src=\"https:\/\/www.hipodromo.com\/wp-content\/uploads\/2025\/12\/CARRERA-10-2-LODITO-RACE-MEX7-200x300.jpg\" alt=\"\" width=\"200\" height=\"300\" srcset=\"https:\/\/www.hipodromo.com\/wp-content\/uploads\/2025\/12\/CARRERA-10-2-LODITO-RACE-MEX7-200x300.jpg 200w, https:\/\/www.hipodromo.com\/wp-content\/uploads\/2025\/12\/CARRERA-10-2-LODITO-RACE-MEX7-683x1024.jpg 683w, https:\/\/www.hipodromo.com\/wp-content\/uploads\/2025\/12\/CARRERA-10-2-LODITO-RACE-MEX7-768x1152.jpg 768w, https:\/\/www.hipodromo.com\/wp-content\/uploads\/2025\/12\/CARRERA-10-2-LODITO-RACE-MEX7-1024x1536.jpg 1024w, https:\/\/www.hipodromo.com\/wp-content\/uploads\/2025\/12\/CARRERA-10-2-LODITO-RACE-MEX7-1365x2048.jpg 1365w, https:\/\/www.hipodromo.com\/wp-content\/uploads\/2025\/12\/CARRERA-10-2-LODITO-RACE-MEX7-1920x2880.jpg 1920w, https:\/\/www.hipodromo.com\/wp-content\/uploads\/2025\/12\/CARRERA-10-2-LODITO-RACE-MEX7-scaled.jpg 1707w\" sizes=\"auto, (max-width: 200px) 100vw, 200px\" \/><\/noscript><\/p>\n<h2><a href=\"https:\/\/www.bing.com\/ck\/a?!&amp;&amp;p=469f69f7ff78d83fJmltdHM9MTcwMTkwNzIwMCZpZ3VpZD0zMmM3YjQxYi1jMGFiLTY1ZDYtMWRjZS1hN2Q4YzEzYjY0ZDgmaW5zaWQ9NTE4OA&amp;ptn=3&amp;ver=2&amp;hsh=3&amp;fclid=32c7b41b-c0ab-65d6-1dce-a7d8c13b64d8&amp;psq=bet.hipodro.com+inicio&amp;u=a1aHR0cHM6Ly9iZXQuaGlwb2Ryb21vLmNvbS9GYXN0QmV0UGFuYW1hL0xvZ2luLmFzcHg&amp;ntb=1\" target=\"_blank\" rel=\"noopener\">bet.hipodromo.com<\/a><\/h2>\n","protected":false},"excerpt":{"rendered":"<p>SERIE H\u00cdPICA DEL CARIBE 2025 El potro tres a\u00f1ero \u2018Lodyto Race\u2019, representante de M\u00e9xico, gan\u00f3 en un franco galope la versi\u00f3n N\u00b057 del Cl\u00e1sico Internacional del Caribe 2025, con gu\u00eda &#8230;<\/p>\n","protected":false},"author":1,"featured_media":56169,"parent":0,"menu_order":0,"comment_status":"closed","ping_status":"closed","template":"","meta":{"_exactmetrics_skip_tracking":false,"_exactmetrics_sitenote_active":false,"_exactmetrics_sitenote_note":"","_exactmetrics_sitenote_category":0,"footnotes":""},"class_list":["post-2357","page","type-page","status-publish","has-post-thumbnail","hentry"],"_links":{"self":[{"href":"https:\/\/www.hipodromo.com\/index.php\/wp-json\/wp\/v2\/pages\/2357","targetHints":{"allow":["GET"]}}],"collection":[{"href":"https:\/\/www.hipodromo.com\/index.php\/wp-json\/wp\/v2\/pages"}],"about":[{"href":"https:\/\/www.hipodromo.com\/index.php\/wp-json\/wp\/v2\/types\/page"}],"author":[{"embeddable":true,"href":"https:\/\/www.hipodromo.com\/index.php\/wp-json\/wp\/v2\/users\/1"}],"replies":[{"embeddable":true,"href":"https:\/\/www.hipodromo.com\/index.php\/wp-json\/wp\/v2\/comments?post=2357"}],"version-history":[{"count":16,"href":"https:\/\/www.hipodromo.com\/index.php\/wp-json\/wp\/v2\/pages\/2357\/revisions"}],"predecessor-version":[{"id":72098,"href":"https:\/\/www.hipodromo.com\/index.php\/wp-json\/wp\/v2\/pages\/2357\/revisions\/72098"}],"wp:featuredmedia":[{"embeddable":true,"href":"https:\/\/www.hipodromo.com\/index.php\/wp-json\/wp\/v2\/media\/56169"}],"wp:attachment":[{"href":"https:\/\/www.hipodromo.com\/index.php\/wp-json\/wp\/v2\/media?parent=2357"}],"curies":[{"name":"wp","href":"https:\/\/api.w.org\/{rel}","templated":true}]}}