{"id":2335,"date":"2017-02-05T23:27:08","date_gmt":"2017-02-05T23:27:08","guid":{"rendered":"https:\/\/www.hipodromo.com\/?page_id=2335"},"modified":"2017-02-06T00:14:46","modified_gmt":"2017-02-06T00:14:46","slug":"salas-de-juego","status":"publish","type":"page","link":"https:\/\/www.hipodromo.com\/index.php\/salas-de-juego\/","title":{"rendered":"Salas de Juego"},"content":{"rendered":"<p><a href=\"https:\/\/www.hipodromo.com\/grupo-codere\/\">CODERE<\/a> es un operador de referencia internacional en las salas de Juego (bingos con m\u00e1quinas, casinos, salas de m\u00e1quinas en los hip\u00f3dromos y salones de juego con marca propia). En 2014, la compa\u00f1\u00eda opera 176 salas de juego en los pa\u00edses en los que est\u00e1 presente.<\/p>\n<p style=\"text-align: center;\"><div id=\"grid-gallery-9-98974\" data-gg-id=\"9\" data-title=\"Salas de Juego\" data-grid-type=\"0\" data-offset=\"5.3\" data-area-position=\"center\" data-icons=\"\" data-preloader=\"\" data-width=\"215\" data-height=\"215\" data-padding=\"\" data-quicksand=\"disabled\" data-quicksand-duration=\"none\" data-popup-theme=\"theme_6\" data-popup-type=\"pretty-photo\" data-popup-image-text=\"title\" data-popup-widthsize=\"auto\" data-popup-heightsize=\"auto\" data-popup-i18n-words=\"{&quot;close&quot;:&quot;cerrar&quot;,&quot;next&quot;:&quot;siguiente&quot;,&quot;previous&quot;:&quot;anterior&quot;,&quot;start_slideshow&quot;:&quot;comenzar reproducci\\u00f3n&quot;,&quot;stop_slideshow&quot;:&quot;detener reproducci\\u00f3n&quot;,&quot;image&quot;:&quot;imagen&quot;,&quot;of&quot;:&quot;de&quot;,&quot;prev&quot;:&quot;ant&quot;,&quot;cExpand&quot;:&quot;Ampliar&quot;,&quot;cPrevious&quot;:&quot;Anterior&quot;,&quot;cNext&quot;:&quot;Siguiente&quot;,&quot;cExpandStr&quot;:&quot;Expandir la imagen&quot;,&quot;cRotate&quot;:&quot;Gire&quot;,&quot;cDetails&quot;:&quot;Details&quot;}\" data-popup-slideshow=\"false\" data-popup-slideshow-speed=\"2500\" data-popup-hoverstop=\"true\" data-popup-slideshow-auto=\"false\" data-popup-background=\"\" data-popup-transparency=\"30\" data-popup-disable-history=\"\" data-popup-disable-changed-url=\"\" data-popup-border-type=\"\" data-popup-border-color=\"\" data-popup-border-width=\"\" data-popup-border-enable=\"\" data-fullscreen=\"false\" data-hide-tooltip=\"\" data-caption-font-family=\"\" data-caption-text-size=\"140\" data-is-mobile=\"0\" data-caption-mobile=\"false\" data-hide-long-tltp-title=\"0\" data-caption-disabled-on-mobile=\"false\" data-popup-placement-type=\"0\" data-social-sharing=\"{&quot;enabled&quot;:null,&quot;gallerySharing&quot;:{&quot;enabled&quot;:null,&quot;position&quot;:null},&quot;imageSharing&quot;:{&quot;enabled&quot;:null,&quot;wrapperClass&quot;:&quot; vertical &quot;},&quot;popupSharing&quot;:{&quot;enabled&quot;:null,&quot;wrapperClass&quot;:&quot; vertical &quot;}}\" class=\"grid-gallery grid-gallery-fixed \" style=\" width:100%; height:auto; margin-left:auto; margin-right:auto;position:relative;\"> <div class=\"gallery-loading\"> <div class=\"blocks\"> <div class=\"block\"><\/div> <div class=\"block\"><\/div> <div class=\"block\"><\/div> <div class=\"block\"><\/div> <\/div> <\/div> <div class=\"gallery-sharing-top\" style=\"display:none;\"> <\/div> <div id=\"photos-9\" class=\"grid-gallery-photos\"><FIGURE class=\"grid-gallery-caption\" data-grid-gallery-type=\"quarter-slide-up\" data-index=\"0\" style=\"display:none;border-radius:00;; margin:5.3px; width:2150;\" ><div class=\"crop\" style=\" width:2150; height:2150; overflow:hidden;\"><img decoding=\"async\" src=\"https:\/\/www.hipodromo.com\/wp-content\/uploads\/2017\/01\/MG_0134-215x215.jpg\" class=\"ggImg\" alt=\"\" title=\"\" data-description=\"\" data-caption=\" \" data-title=\"\" style=\" width:215px; height:215px;\" \/><\/div><FIGCAPTION class=\"\" data-alpha=\"5\" style=\"color:#ffffff; background-color:#6f0000; font-size:140; text-align:2; font-family:;\" ><div class=\"grid-gallery-figcaption-wrap\" style=\"\"><\/div><\/FIGCAPTION><\/FIGURE><FIGURE class=\"grid-gallery-caption\" data-grid-gallery-type=\"quarter-slide-up\" data-index=\"1\" style=\"display:none;border-radius:00;; margin:5.3px; width:2150;\" ><div class=\"crop\" style=\" width:2150; height:2150; overflow:hidden;\"><img decoding=\"async\" src=\"https:\/\/www.hipodromo.com\/wp-content\/uploads\/2017\/01\/MG_0124-215x215.jpg\" class=\"ggImg\" alt=\"\" title=\"\" data-description=\"\" data-caption=\" \" data-title=\"\" style=\" width:215px; height:215px;\" \/><\/div><FIGCAPTION class=\"\" data-alpha=\"5\" style=\"color:#ffffff; background-color:#6f0000; font-size:140; text-align:2; font-family:;\" ><div class=\"grid-gallery-figcaption-wrap\" style=\"\"><\/div><\/FIGCAPTION><\/FIGURE><FIGURE class=\"grid-gallery-caption\" data-grid-gallery-type=\"quarter-slide-up\" data-index=\"2\" style=\"display:none;border-radius:00;; margin:5.3px; width:2150;\" ><div class=\"crop\" style=\" width:2150; height:2150; overflow:hidden;\"><img decoding=\"async\" src=\"https:\/\/www.hipodromo.com\/wp-content\/uploads\/2017\/01\/MG_0083-215x215.jpg\" class=\"ggImg\" alt=\"\" title=\"\" data-description=\"\" data-caption=\"\" data-title=\"\" style=\" width:215px; height:215px;\" \/><\/div><FIGCAPTION class=\"\" data-alpha=\"5\" style=\"color:#ffffff; background-color:#6f0000; font-size:140; text-align:2; font-family:;\" ><div class=\"grid-gallery-figcaption-wrap\" style=\"\"><\/div><\/FIGCAPTION><\/FIGURE> <div class=\"grid-gallery-clearfix\"><\/div> <\/div> <div class=\"gallery-sharing-bottom\" style=\"display:none;\"> <\/div> <div class=\"gallery-sharing-image\" style=\"display:none;\"> <\/div> <div class=\"gallery-sharing-popup\" style=\"display:none;\"> <\/div> <div class=\"grid-gallery-clearfix\"><\/div> <\/div> <!-- Gallery by Supsystic plugin1.16.0 --><a title=\"Wordpress Gallery Plugin Free\" style=\"display:none;\" href=\"https:\/\/supsystic.com\/plugins\/photo-gallery\/?utm_medium=love_link\" target=\"_blank\">Wordpress Gallery Plugin Free<\/a>\n<p>A lo largo de los \u00faltimos a\u00f1os, CODERE ha realizado un importante esfuerzo inversor en este segmento del mercado del juego, con lo que se ha convertido en el operador l\u00edder en <a href=\"http:\/\/www.codere.com\/italia\/\">Italia<\/a>, <a href=\"http:\/\/www.codere.com\/mexico\/\">M\u00e9xico<\/a> y la provincia de <a href=\"http:\/\/www.codere.com\/argentina\/\">Buenos Aires<\/a>.<\/p>\n<p>Las salas de juego son centros de entretenimiento donde se puede apostar a varios tipos de juegos de azar de recompensa inmediata, incluyendo, en algunos casos, bingos y apuestas deportivas. Adem\u00e1s de contar con una amplia oferta de oferta de servicios como: restaurantes, salas de fiesta, espect\u00e1culos, hoteles, salas de convenciones, etc., convirti\u00e9ndose en grandes centros de ocio.<\/p>\n<p>CODERE comenz\u00f3 sus actividades de bingo a principios de la d\u00e9cada de los 90 en Argentina. En la actualidad, la Compa\u00f1\u00eda es el mayor operador de salas de bingo de la Provincia de Buenos Aires con un total de 14 salas y m\u00e1s de 6.282 terminales de juego.<\/p>\n<p>En 1998, CODERE entr\u00f3 en el mercado mexicano junto a dos de las empresas locales m\u00e1s fuertes del sector: El Grupo Caliente y Corporaci\u00f3n Interamericana de Entretenimiento (CIE).<\/p>\n<p>En Espa\u00f1a, en el a\u00f1o 2.000, la Compa\u00f1\u00eda compr\u00f3 en el Bingo CANOE, referente mundial por sus logros en la operatividad y gesti\u00f3n, convirti\u00e9ndose en la sala m\u00e1s grande de Espa\u00f1a y una de las m\u00e1s importantes en Europa continental.<\/p>\n<p>En 2002 CODERE entra en el mercado italiano como gestor de las salas de Operbingo. En diciembre de 2005, adquiri\u00f3 9 salas de Operbingo y posteriormente realizar\u00eda nuevas adquisiciones. Hoy en d\u00eda, CODERE es el primer operador de bingo en Italia por volumen de facturaci\u00f3n y opera 14 salas de juego.<\/p>\n<p>CODERE es tambi\u00e9n la primera operadora de bingo en <a href=\"http:\/\/www.codere.com\/colombia\/\">Colombia<\/a>, donde actualmente gestiona 51 salas de juego ubicadas en Bogot\u00e1, Medell\u00edn y Calise.<\/p>\n<p>Entre las operaciones m\u00e1s recientes destaca la compra de 6 casinos en Panam\u00e1 en 2010, que le posicionan como principal operador en este pa\u00eds, donde actualmente opera 12 salas de juego.<\/p>\n<p>En 2013, la sala de juego CANOE de <a href=\"http:\/\/www.codere.com\/espana\/\">Espa\u00f1a<\/a>, una de las centros de referencia de Europa, celebra su 35 aniversario.<\/p>\n","protected":false},"excerpt":{"rendered":"<p>CODERE es un operador de referencia internacional en las salas de Juego (bingos con m\u00e1quinas, casinos, salas de m\u00e1quinas en los hip\u00f3dromos y salones de juego con marca propia). En &#8230;<\/p>\n","protected":false},"author":1,"featured_media":0,"parent":0,"menu_order":0,"comment_status":"closed","ping_status":"closed","template":"","meta":{"_exactmetrics_skip_tracking":false,"_exactmetrics_sitenote_active":false,"_exactmetrics_sitenote_note":"","_exactmetrics_sitenote_category":0,"footnotes":""},"class_list":["post-2335","page","type-page","status-publish","hentry"],"_links":{"self":[{"href":"https:\/\/www.hipodromo.com\/index.php\/wp-json\/wp\/v2\/pages\/2335","targetHints":{"allow":["GET"]}}],"collection":[{"href":"https:\/\/www.hipodromo.com\/index.php\/wp-json\/wp\/v2\/pages"}],"about":[{"href":"https:\/\/www.hipodromo.com\/index.php\/wp-json\/wp\/v2\/types\/page"}],"author":[{"embeddable":true,"href":"https:\/\/www.hipodromo.com\/index.php\/wp-json\/wp\/v2\/users\/1"}],"replies":[{"embeddable":true,"href":"https:\/\/www.hipodromo.com\/index.php\/wp-json\/wp\/v2\/comments?post=2335"}],"version-history":[{"count":5,"href":"https:\/\/www.hipodromo.com\/index.php\/wp-json\/wp\/v2\/pages\/2335\/revisions"}],"predecessor-version":[{"id":2342,"href":"https:\/\/www.hipodromo.com\/index.php\/wp-json\/wp\/v2\/pages\/2335\/revisions\/2342"}],"wp:attachment":[{"href":"https:\/\/www.hipodromo.com\/index.php\/wp-json\/wp\/v2\/media?parent=2335"}],"curies":[{"name":"wp","href":"https:\/\/api.w.org\/{rel}","templated":true}]}}