{"id":2312,"date":"2017-02-05T22:50:30","date_gmt":"2017-02-05T22:50:30","guid":{"rendered":"https:\/\/www.hipodromo.com\/?page_id=2312"},"modified":"2017-03-14T15:23:06","modified_gmt":"2017-03-14T15:23:06","slug":"hipodromos","status":"publish","type":"page","link":"https:\/\/www.hipodromo.com\/index.php\/hipodromos\/","title":{"rendered":"Hip\u00f3dromos"},"content":{"rendered":"<p style=\"text-align: left;\"><a href=\"http:\/\/www.codere.com\/\">CODERE<\/a> opera directamente el\u00a0<a href=\"http:\/\/hipodromo.com.mx\/main\/\">Hip\u00f3dromo de las Am\u00e9ricas<\/a> (M\u00e9xico), el <a href=\"http:\/\/www.hipodromo.com\">Hip\u00f3dromo Presidente Rem\u00f3n (Panam\u00e1)<\/a>, el <a href=\"http:\/\/www.maronas.com.uy\/\">Hip\u00f3dromo Nacional de Maro\u00f1as<\/a> y el <a href=\"http:\/\/www.hipodromolaspiedras.com.uy\/\">Hip\u00f3dromo de las Piedras<\/a>, ambos en Uruguay.<\/p>\n<p style=\"text-align: center;\"><div id=\"grid-gallery-8-62364\" data-gg-id=\"8\" data-title=\"Hip\u00f3dromos de Codere\" data-grid-type=\"0\" data-offset=\"5.3\" data-area-position=\"center\" data-icons=\"\" data-preloader=\"\" data-width=\"215\" data-height=\"215\" data-padding=\"\" data-quicksand=\"disabled\" data-quicksand-duration=\"none\" data-popup-theme=\"theme_6\" data-popup-type=\"pretty-photo\" data-popup-image-text=\"title\" data-popup-widthsize=\"auto\" data-popup-heightsize=\"auto\" data-popup-i18n-words=\"{&quot;close&quot;:&quot;cerrar&quot;,&quot;next&quot;:&quot;siguiente&quot;,&quot;previous&quot;:&quot;anterior&quot;,&quot;start_slideshow&quot;:&quot;comenzar reproducci\\u00f3n&quot;,&quot;stop_slideshow&quot;:&quot;detener reproducci\\u00f3n&quot;,&quot;image&quot;:&quot;imagen&quot;,&quot;of&quot;:&quot;de&quot;,&quot;prev&quot;:&quot;ant&quot;,&quot;cExpand&quot;:&quot;Ampliar&quot;,&quot;cPrevious&quot;:&quot;Anterior&quot;,&quot;cNext&quot;:&quot;Siguiente&quot;,&quot;cExpandStr&quot;:&quot;Expandir la imagen&quot;,&quot;cRotate&quot;:&quot;Gire&quot;,&quot;cDetails&quot;:&quot;Details&quot;}\" data-popup-slideshow=\"false\" data-popup-slideshow-speed=\"2500\" data-popup-hoverstop=\"true\" data-popup-slideshow-auto=\"false\" data-popup-background=\"\" data-popup-transparency=\"30\" data-popup-disable-history=\"\" data-popup-disable-changed-url=\"\" data-popup-border-type=\"\" data-popup-border-color=\"\" data-popup-border-width=\"\" data-popup-border-enable=\"\" data-fullscreen=\"false\" data-hide-tooltip=\"\" data-caption-font-family=\"\" data-caption-text-size=\"140\" data-is-mobile=\"0\" data-caption-mobile=\"false\" data-hide-long-tltp-title=\"0\" data-caption-disabled-on-mobile=\"false\" data-popup-placement-type=\"0\" data-social-sharing=\"{&quot;enabled&quot;:null,&quot;gallerySharing&quot;:{&quot;enabled&quot;:null,&quot;position&quot;:null},&quot;imageSharing&quot;:{&quot;enabled&quot;:null,&quot;wrapperClass&quot;:&quot; vertical &quot;},&quot;popupSharing&quot;:{&quot;enabled&quot;:null,&quot;wrapperClass&quot;:&quot; vertical &quot;}}\" class=\"grid-gallery grid-gallery-fixed \" style=\" width:100%; height:auto; margin-left:auto; margin-right:auto;position:relative;\"> <div class=\"gallery-loading\"> <div class=\"blocks\"> <div class=\"block\"><\/div> <div class=\"block\"><\/div> <div class=\"block\"><\/div> <div class=\"block\"><\/div> <\/div> <\/div> <div class=\"gallery-sharing-top\" style=\"display:none;\"> <\/div> <div id=\"photos-8\" class=\"grid-gallery-photos\"><FIGURE class=\"grid-gallery-caption\" data-grid-gallery-type=\"quarter-slide-up\" data-index=\"0\" style=\"display:none;border-radius:00;; margin:5.3px; width:2150;\" ><div class=\"crop\" style=\" width:2150; height:2150; overflow:hidden;\"><img decoding=\"async\" src=\"https:\/\/www.hipodromo.com\/wp-content\/uploads\/2017\/02\/16299328_1546184972061879_3319508471130676978_n-215x215.jpg\" class=\"ggImg\" alt=\"Hip\u00f3dromo de las Am\u00e9ricas (M\u00e9xico)\" title=\"Hip\u00f3dromo de las Am\u00e9ricas (M\u00e9xico)\" data-description=\"Hip\u00f3dromo de las Am\u00e9ricas (M\u00e9xico)\" data-caption=\"Hip\u00f3dromo de las Am\u00e9ricas (M\u00e9xico)\" data-title=\"Hip\u00f3dromo de las Am\u00e9ricas (M\u00e9xico)\" style=\" width:215px; height:215px;\" \/><\/div><FIGCAPTION class=\"\" data-alpha=\"5\" style=\"color:#ffffff; background-color:#6f0000; font-size:140; text-align:2; font-family:;\" ><div class=\"grid-gallery-figcaption-wrap\" style=\"\"><\/div><\/FIGCAPTION><\/FIGURE><FIGURE class=\"grid-gallery-caption\" data-grid-gallery-type=\"quarter-slide-up\" data-index=\"1\" style=\"display:none;border-radius:00;; margin:5.3px; width:2150;\" ><div class=\"crop\" style=\" width:2150; height:2150; overflow:hidden;\"><img decoding=\"async\" src=\"https:\/\/www.hipodromo.com\/wp-content\/uploads\/2017\/02\/16387201_1552448521435524_5582243074934150203_n-215x215.jpg\" class=\"ggImg\" alt=\"Hip\u00f3dromo de las Am\u00e9ricas (M\u00e9xico)\" title=\"Hip\u00f3dromo de las Am\u00e9ricas (M\u00e9xico)\" data-description=\"Hip\u00f3dromo de las Am\u00e9ricas (M\u00e9xico)\" data-caption=\"Hip\u00f3dromo de las Am\u00e9ricas (M\u00e9xico)\" data-title=\"Hip\u00f3dromo de las Am\u00e9ricas (M\u00e9xico)\" style=\" width:215px; height:215px;\" \/><\/div><FIGCAPTION class=\"\" data-alpha=\"5\" style=\"color:#ffffff; background-color:#6f0000; font-size:140; text-align:2; font-family:;\" ><div class=\"grid-gallery-figcaption-wrap\" style=\"\"><\/div><\/FIGCAPTION><\/FIGURE><FIGURE class=\"grid-gallery-caption\" data-grid-gallery-type=\"quarter-slide-up\" data-index=\"2\" style=\"display:none;border-radius:00;; margin:5.3px; width:2150;\" ><div class=\"crop\" style=\" width:2150; height:2150; overflow:hidden;\"><img decoding=\"async\" src=\"https:\/\/www.hipodromo.com\/wp-content\/uploads\/2017\/02\/15272202_1476612982352412_5598919244358523187_o-215x215.jpg\" class=\"ggImg\" alt=\"Hip\u00f3dromo de las Am\u00e9ricas (M\u00e9xico)\" title=\"Hip\u00f3dromo de las Am\u00e9ricas (M\u00e9xico)\" data-description=\"Hip\u00f3dromo de las Am\u00e9ricas (M\u00e9xico)\" data-caption=\"Hip\u00f3dromo de Las Americas \" data-title=\"Hip\u00f3dromo de las Am\u00e9ricas (M\u00e9xico)\" style=\" width:215px; height:215px;\" \/><\/div><FIGCAPTION class=\"\" data-alpha=\"5\" style=\"color:#ffffff; background-color:#6f0000; font-size:140; text-align:2; font-family:;\" ><div class=\"grid-gallery-figcaption-wrap\" style=\"\"><\/div><\/FIGCAPTION><\/FIGURE><FIGURE class=\"grid-gallery-caption\" data-grid-gallery-type=\"quarter-slide-up\" data-index=\"3\" style=\"display:none;border-radius:00;; margin:5.3px; width:2150;\" ><div class=\"crop\" style=\" width:2150; height:2150; overflow:hidden;\"><img decoding=\"async\" src=\"https:\/\/www.hipodromo.com\/wp-content\/uploads\/2017\/02\/16195569_1254296787985976_5419336147235831891_n-215x215.jpg\" class=\"ggImg\" alt=\"l Hip\u00f3dromo Nacional de Maro\u00f1as\" title=\"l Hip\u00f3dromo Nacional de Maro\u00f1as\" data-description=\"l Hip\u00f3dromo Nacional de Maro\u00f1as\" data-caption=\"l Hip\u00f3dromo Nacional de Maro\u00f1as\" data-title=\"l Hip\u00f3dromo Nacional de Maro\u00f1as\" style=\" width:215px; height:215px;\" \/><\/div><FIGCAPTION class=\"\" data-alpha=\"5\" style=\"color:#ffffff; background-color:#6f0000; font-size:140; text-align:2; font-family:;\" ><div class=\"grid-gallery-figcaption-wrap\" style=\"\"><\/div><\/FIGCAPTION><\/FIGURE><FIGURE class=\"grid-gallery-caption\" data-grid-gallery-type=\"quarter-slide-up\" data-index=\"4\" style=\"display:none;border-radius:00;; margin:5.3px; width:2150;\" ><div class=\"crop\" style=\" width:2150; height:2150; overflow:hidden;\"><img decoding=\"async\" src=\"https:\/\/www.hipodromo.com\/wp-content\/uploads\/2017\/02\/16422917_1258560987559556_5151692903984313660_o-215x215.jpg\" class=\"ggImg\" alt=\"l Hip\u00f3dromo Nacional de Maro\u00f1as\" title=\"l Hip\u00f3dromo Nacional de Maro\u00f1as\" data-description=\"l Hip\u00f3dromo Nacional de Maro\u00f1as\" data-caption=\"Hip\u00f3dromo de Maro\u00f1as \" data-title=\"l Hip\u00f3dromo Nacional de Maro\u00f1as\" style=\" width:215px; height:215px;\" \/><\/div><FIGCAPTION class=\"\" data-alpha=\"5\" style=\"color:#ffffff; background-color:#6f0000; font-size:140; text-align:2; font-family:;\" ><div class=\"grid-gallery-figcaption-wrap\" style=\"\"><\/div><\/FIGCAPTION><\/FIGURE><FIGURE class=\"grid-gallery-caption\" data-grid-gallery-type=\"quarter-slide-up\" data-index=\"5\" style=\"display:none;border-radius:00;; margin:5.3px; width:2150;\" ><div class=\"crop\" style=\" width:2150; height:2150; overflow:hidden;\"><img decoding=\"async\" src=\"https:\/\/www.hipodromo.com\/wp-content\/uploads\/2017\/02\/mg-3067-1-215x215.jpg\" class=\"ggImg\" alt=\"Hip\u00f3dromo de las Piedras\" title=\"Hip\u00f3dromo de las Piedras\" data-description=\"Hip\u00f3dromo de las Piedras\" data-caption=\"Hip\u00f3dromo de Las Piedras\" data-title=\"Hip\u00f3dromo de las Piedras\" style=\" width:215px; height:215px;\" \/><\/div><FIGCAPTION class=\"\" data-alpha=\"5\" style=\"color:#ffffff; background-color:#6f0000; font-size:140; text-align:2; font-family:;\" ><div class=\"grid-gallery-figcaption-wrap\" style=\"\"><\/div><\/FIGCAPTION><\/FIGURE><FIGURE class=\"grid-gallery-caption\" data-grid-gallery-type=\"quarter-slide-up\" data-index=\"6\" style=\"display:none;border-radius:00;; margin:5.3px; width:2150;\" ><div class=\"crop\" style=\" width:2150; height:2150; overflow:hidden;\"><img decoding=\"async\" src=\"https:\/\/www.hipodromo.com\/wp-content\/uploads\/2017\/02\/turf_generico-1-215x215.jpg\" class=\"ggImg\" alt=\"Hip\u00f3dromo de Las Piedras\" title=\"Hip\u00f3dromo de Las Piedras\" data-description=\"Hip\u00f3dromo de Las Piedras\" data-caption=\"Hip\u00f3dromo de Las Piedras\" data-title=\"Hip\u00f3dromo de Las Piedras\" style=\" width:215px; height:215px;\" \/><\/div><FIGCAPTION class=\"\" data-alpha=\"5\" style=\"color:#ffffff; background-color:#6f0000; font-size:140; text-align:2; font-family:;\" ><div class=\"grid-gallery-figcaption-wrap\" style=\"\"><\/div><\/FIGCAPTION><\/FIGURE><FIGURE class=\"grid-gallery-caption\" data-grid-gallery-type=\"quarter-slide-up\" data-index=\"7\" style=\"display:none;border-radius:00;; margin:5.3px; width:2150;\" ><div class=\"crop\" style=\" width:2150; height:2150; overflow:hidden;\"><img decoding=\"async\" src=\"https:\/\/www.hipodromo.com\/wp-content\/uploads\/2017\/01\/IMG_7392-215x215.jpg\" class=\"ggImg\" alt=\"l Hip\u00f3dromo Presidente Remon\" title=\"l Hip\u00f3dromo Presidente Remon\" data-description=\"l Hip\u00f3dromo Presidente Remon\" data-caption=\"l Hip\u00f3dromo Presidente Remon\" data-title=\"l Hip\u00f3dromo Presidente Remon\" style=\" width:215px; height:215px;\" \/><\/div><FIGCAPTION class=\"\" data-alpha=\"5\" style=\"color:#ffffff; background-color:#6f0000; font-size:140; text-align:2; font-family:;\" ><div class=\"grid-gallery-figcaption-wrap\" style=\"\"><\/div><\/FIGCAPTION><\/FIGURE><FIGURE class=\"grid-gallery-caption\" data-grid-gallery-type=\"quarter-slide-up\" data-index=\"8\" style=\"display:none;border-radius:00;; margin:5.3px; width:2150;\" ><div class=\"crop\" style=\" width:2150; height:2150; overflow:hidden;\"><img decoding=\"async\" src=\"https:\/\/www.hipodromo.com\/wp-content\/uploads\/2017\/01\/IMG_7263-215x215.jpg\" class=\"ggImg\" alt=\"Hip\u00f3dromo Presidente Rem\u00f3n (Panam\u00e1)\" title=\"Hip\u00f3dromo Presidente Rem\u00f3n (Panam\u00e1)\" data-description=\"Hip\u00f3dromo Presidente Rem\u00f3n (Panam\u00e1)\" data-caption=\"Hip\u00f3dromo Presidente Rem\u00f3n (Panam\u00e1)\" data-title=\"Hip\u00f3dromo Presidente Rem\u00f3n (Panam\u00e1)\" style=\" width:215px; height:215px;\" \/><\/div><FIGCAPTION class=\"\" data-alpha=\"5\" style=\"color:#ffffff; background-color:#6f0000; font-size:140; text-align:2; font-family:;\" ><div class=\"grid-gallery-figcaption-wrap\" style=\"\"><\/div><\/FIGCAPTION><\/FIGURE> <div class=\"grid-gallery-clearfix\"><\/div> <\/div> <div class=\"gallery-sharing-bottom\" style=\"display:none;\"> <\/div> <div class=\"gallery-sharing-image\" style=\"display:none;\"> <\/div> <div class=\"gallery-sharing-popup\" style=\"display:none;\"> <\/div> <div class=\"grid-gallery-clearfix\"><\/div> <\/div> <!-- Gallery by Supsystic plugin1.16.0 --><a title=\"Wordpress Gallery Plugin Free\" style=\"display:none;\" href=\"https:\/\/supsystic.com\/plugins\/photo-gallery\/?utm_medium=love_link\" target=\"_blank\">Wordpress Gallery Plugin Free<\/a>\n<p style=\"text-align: left;\">La Compa\u00f1\u00eda, gracias a su experiencia en el sector y a los excelentes procedimientos de gesti\u00f3n, est\u00e1 aportando f\u00f3rmulas de \u00e9xito para la revitalizaci\u00f3n de esta actividad, que a finales de los a\u00f1os noventa se encontraba en recesi\u00f3n en Latinoam\u00e9rica, y que est\u00e1 recuperando su dinamismo y ofrece amplias posibilidades de desarrollo.<\/p>\n<p style=\"text-align: left;\">El negocio h\u00edpico ha ido evolucionando y, en la actualidad, junto a las carreras de caballos y las apuestas, opera bajo el modelo de racino (que combina carreras de caballos y casinos), permitiendo la instalaci\u00f3n de terminales de juego en los recintos h\u00edpicos o en salas asociadas al hip\u00f3dromo, con el objetivo de contribuir a financiar esta actividad.<\/p>\n<p style=\"text-align: left;\">El <a href=\"http:\/\/hipodromo.com.mx\/main\/\">Hip\u00f3dromo de las Am\u00e9ricas<\/a> (M\u00e9xico), el Hip\u00f3dromo Presidente Rem\u00f3n (Panam\u00e1) y el Hip\u00f3dromo Nacional de Maro\u00f1as (Uruguay) forman parte de la Federaci\u00f3n Internacional de Autoridades H\u00edpicas (IFHA), un prestigioso organismo internacional encargado de promover la regulaci\u00f3n y las mejores pr\u00e1cticas en asuntos h\u00edpicos mundiales.<\/p>\n<p style=\"text-align: left;\"><strong>Uruguay<\/strong><\/p>\n<p style=\"text-align: left;\">En el a\u00f1o 2002 el Gobierno de Uruguay adjudic\u00f3 a CODERE, en joint venture con la empresa SLI, la concesi\u00f3n para gestionar el hist\u00f3rico <a href=\"http:\/\/www.maronas.com.uy\/\">Hip\u00f3dromo Nacional de Maro\u00f1as<\/a> que ha tenido, en los \u00faltimos tiempos, un protagonismo absoluto en la vida social y econ\u00f3mica de Uruguay.<\/p>\n<p style=\"text-align: left;\">La concesi\u00f3n inclu\u00eda tambi\u00e9n la explotaci\u00f3n de salas de apuestas y m\u00e1quinas recreativas situadas fuera del hip\u00f3dromo, y un servicio de difusi\u00f3n simult\u00e1nea de las carreras, que constituye la incursi\u00f3n de CODERE en el modelo de negocio racino ( que combina los juegos de casinos con los productos relacionados con las carreras).<\/p>\n<p style=\"text-align: left;\">En 2012, CODERE consigue la licencia para la tenencia, uso y explotaci\u00f3n por un periodo de 30 a\u00f1os del <a href=\"http:\/\/www.hipodromolaspiedras.com.uy\/\">Hip\u00f3dromo de Las Piedras<\/a>, a trav\u00e9s de su filial H\u00edpica Rioplatense del Uruguay (HRU S.A.).<\/p>\n<p style=\"text-align: left;\">En junio de 2013, el <a href=\"http:\/\/www.maronas.com.uy\/\">Hip\u00f3dromo de Maro\u00f1as<\/a> festej\u00f3 10 a\u00f1os de actividad desde su reapertura, un periodo marcado por importantes logros en la industria del turf, como la reactivaci\u00f3n de la actividad h\u00edpica o el incremento de la cr\u00eda de pura sangre, entre otras actividades.<\/p>\n<p style=\"text-align: left;\"><strong>Panam\u00e1<\/strong><\/p>\n<p style=\"text-align: left;\">Desde octubre de 2005, CODERE es la empresa concesionaria del Hip\u00f3dromo Presidente Rem\u00f3n en Panam\u00e1 City (Panam\u00e1), cuya licencia incluye la operaci\u00f3n y administraci\u00f3n por veinte a\u00f1os, prorrogables por un periodo similar.<\/p>\n<p style=\"text-align: left;\">CODERE Panam\u00e1 adem\u00e1s de formar parte de (IFHA), tambi\u00e9n forma parte de las organizaciones regionales del sector como la Asociaci\u00f3n Latinoamericana de Jockey Clubes e Hip\u00f3dromos y, desde 2009, tambi\u00e9n de OSAF (Organizaci\u00f3n Sudamericana de Fomento del Pura Sangre de Carreras).<\/p>\n<p style=\"text-align: left;\">Dentro de las actividades de impulso y dinamizaci\u00f3n del sector h\u00edpico, CODERE impulsa la Academia T\u00e9cnica de Formaci\u00f3n de Jinetes Laffit Pincay Jr. inaugurada el 17 de marzo de 2009.<\/p>\n<p style=\"text-align: left;\">A lo largo de 2013, se han desarrollado diferentes eventos de gran relevancia como el XLVI Cl\u00e1sico internacional del Caribe, el evento h\u00edpico m\u00e1s importante de la regi\u00f3n, siendo CODERE Panam\u00e1 organizador por segunda vez.<\/p>\n<p style=\"text-align: left;\"><strong>M\u00e9xico<\/strong><\/p>\n<p style=\"text-align: left;\">En el a\u00f1o 2007, CODERE adquiere el 49% de ICELA (filial propiedad de su socio mexicano CIE) y entra a participar en la gesti\u00f3n del <a href=\"http:\/\/hipodromo.com.mx\/main\/\">Hip\u00f3dromo de las Am\u00e9ricas <\/a>en M\u00e9xico D.F. En 2012 se formaliza la compra de un 35,8% adicional de ICELA, pasando a convertirse en accionista mayoritario con una cuota del 84,8% una vez ejecutada la opci\u00f3n. <a href=\"http:\/\/hipodromo.com.mx\/main\/\">El Hip\u00f3dromo de las Am\u00e9ricas<\/a> es un icono representativo de la vida social y de entretenimiento de la ciudad y se ha consolidado como el principal escenario de carreras de caballos del pa\u00eds.<\/p>\n<p style=\"text-align: left;\">En 2013, el <a href=\"http:\/\/hipodromo.com.mx\/main\/\">Hip\u00f3dromo de las Am\u00e9ricas<\/a> celebr\u00f3 su 70 aniversario, adem\u00e1s, tambi\u00e9n organiz\u00f3 la XLVIII Edici\u00f3n de la Longines Handicap de las Am\u00e9ricas, la carrera m\u00e1s importante del a\u00f1o.<\/p>\n","protected":false},"excerpt":{"rendered":"<p>CODERE opera directamente el\u00a0Hip\u00f3dromo de las Am\u00e9ricas (M\u00e9xico), el Hip\u00f3dromo Presidente Rem\u00f3n (Panam\u00e1), el Hip\u00f3dromo Nacional de Maro\u00f1as y el Hip\u00f3dromo de las Piedras, ambos en Uruguay. La Compa\u00f1\u00eda, gracias &#8230;<\/p>\n","protected":false},"author":1,"featured_media":0,"parent":0,"menu_order":0,"comment_status":"closed","ping_status":"closed","template":"","meta":{"_exactmetrics_skip_tracking":false,"_exactmetrics_sitenote_active":false,"_exactmetrics_sitenote_note":"","_exactmetrics_sitenote_category":0,"footnotes":""},"class_list":["post-2312","page","type-page","status-publish","hentry"],"_links":{"self":[{"href":"https:\/\/www.hipodromo.com\/index.php\/wp-json\/wp\/v2\/pages\/2312","targetHints":{"allow":["GET"]}}],"collection":[{"href":"https:\/\/www.hipodromo.com\/index.php\/wp-json\/wp\/v2\/pages"}],"about":[{"href":"https:\/\/www.hipodromo.com\/index.php\/wp-json\/wp\/v2\/types\/page"}],"author":[{"embeddable":true,"href":"https:\/\/www.hipodromo.com\/index.php\/wp-json\/wp\/v2\/users\/1"}],"replies":[{"embeddable":true,"href":"https:\/\/www.hipodromo.com\/index.php\/wp-json\/wp\/v2\/comments?post=2312"}],"version-history":[{"count":6,"href":"https:\/\/www.hipodromo.com\/index.php\/wp-json\/wp\/v2\/pages\/2312\/revisions"}],"predecessor-version":[{"id":2598,"href":"https:\/\/www.hipodromo.com\/index.php\/wp-json\/wp\/v2\/pages\/2312\/revisions\/2598"}],"wp:attachment":[{"href":"https:\/\/www.hipodromo.com\/index.php\/wp-json\/wp\/v2\/media?parent=2312"}],"curies":[{"name":"wp","href":"https:\/\/api.w.org\/{rel}","templated":true}]}}