{"id":1007,"date":"2017-01-04T14:53:28","date_gmt":"2017-01-04T14:53:28","guid":{"rendered":"https:\/\/www.hipodromo.com\/?page_id=1007"},"modified":"2017-02-07T01:17:08","modified_gmt":"2017-02-07T01:17:08","slug":"links-a-hipodromo-de-codere","status":"publish","type":"page","link":"https:\/\/www.hipodromo.com\/index.php\/links-a-hipodromo-de-codere\/","title":{"rendered":"Links a los Hip\u00f3dromos de Codere"},"content":{"rendered":"<p style=\"text-align: center;\"><div id=\"grid-gallery-10-42955\" data-gg-id=\"10\" data-title=\"Hipodromos de Codere\" data-grid-type=\"3\" data-offset=\"15.3\" data-area-position=\"center\" data-icons=\"\" data-preloader=\"true\" data-width=\"180\" data-height=\"215\" data-padding=\"0\" data-quicksand=\"disabled\" data-quicksand-duration=\"none\" data-popup-theme=\"theme_6\" data-popup-type=\"pretty-photo\" data-columns-number=\"4\" data-popup-image-text=\"data-description\" data-popup-widthsize=\"auto\" data-popup-heightsize=\"auto\" data-popup-i18n-words=\"{&quot;close&quot;:&quot;cerrar&quot;,&quot;next&quot;:&quot;siguiente&quot;,&quot;previous&quot;:&quot;anterior&quot;,&quot;start_slideshow&quot;:&quot;comenzar reproducci\\u00f3n&quot;,&quot;stop_slideshow&quot;:&quot;detener reproducci\\u00f3n&quot;,&quot;image&quot;:&quot;imagen&quot;,&quot;of&quot;:&quot;de&quot;,&quot;prev&quot;:&quot;ant&quot;,&quot;cExpand&quot;:&quot;Ampliar&quot;,&quot;cPrevious&quot;:&quot;Anterior&quot;,&quot;cNext&quot;:&quot;Siguiente&quot;,&quot;cExpandStr&quot;:&quot;Expandir la imagen&quot;,&quot;cRotate&quot;:&quot;Gire&quot;,&quot;cDetails&quot;:&quot;Details&quot;}\" data-popup-slideshow=\"false\" data-popup-slideshow-speed=\"2500\" data-popup-hoverstop=\"false\" data-popup-slideshow-auto=\"false\" data-popup-background=\"\" data-popup-transparency=\"30\" data-popup-disable-history=\"\" data-popup-disable-changed-url=\"\" data-popup-border-type=\"\" data-popup-border-color=\"\" data-popup-border-width=\"\" data-popup-border-enable=\"\" data-fullscreen=\"false\" data-hide-tooltip=\"false\" data-caption-font-family=\"Default\" data-caption-text-size=\"140\" data-is-mobile=\"0\" data-caption-mobile=\"false\" data-hide-long-tltp-title=\"0\" data-caption-disabled-on-mobile=\"false\" data-responsive-colums=\"{&quot;desktop&quot;:{&quot;width&quot;:&quot;1200&quot;,&quot;columns&quot;:&quot;3&quot;},&quot;tablet&quot;:{&quot;width&quot;:&quot;768&quot;,&quot;columns&quot;:&quot;3&quot;},&quot;mobile&quot;:{&quot;width&quot;:&quot;320&quot;,&quot;columns&quot;:&quot;3&quot;}}\" data-popup-placement-type=\"0\" data-social-sharing=\"{&quot;enabled&quot;:&quot;&quot;,&quot;gallerySharing&quot;:{&quot;enabled&quot;:null,&quot;position&quot;:null},&quot;imageSharing&quot;:{&quot;enabled&quot;:null,&quot;wrapperClass&quot;:&quot; vertical &quot;},&quot;popupSharing&quot;:{&quot;enabled&quot;:null,&quot;wrapperClass&quot;:&quot; vertical &quot;}}\" class=\"grid-gallery grid-gallery-fixed \" style=\" width:80%; height:auto; margin-left:auto; margin-right:auto;position:relative;\"> <div class=\"gallery-loading\"> <div class=\"blocks\"> <div class=\"block\"><\/div> <div class=\"block\"><\/div> <div class=\"block\"><\/div> <div class=\"block\"><\/div> <\/div> <\/div> <div class=\"gallery-sharing-top\" style=\"display:none;\"> <\/div> <div id=\"photos-10\" class=\"grid-gallery-photos\"><FIGURE class=\"grid-gallery-caption\" data-grid-gallery-type=\"quarter-slide-up\" data-index=\"0\" style=\"display:none;border-radius:00;; margin:15.3px; width:1800;\" ><div class=\"crop\" style=\" width:1800; height:2150; overflow:hidden;\"><img decoding=\"async\" src=\"https:\/\/www.hipodromo.com\/wp-content\/uploads\/2017\/02\/16422917_1258560987559556_5151692903984313660_o-180x215.jpg\" class=\"ggImg ggNotInitImg\" alt=\"l Hip\u00f3dromo Nacional de Maro\u00f1as\" title=\"l Hip\u00f3dromo Nacional de Maro\u00f1as\" data-description=\"l Hip\u00f3dromo Nacional de Maro\u00f1as\" data-caption=\"Hip\u00f3dromo de Maro\u00f1as \" data-title=\"l Hip\u00f3dromo Nacional de Maro\u00f1as\" style=\" width:180px; height:215px;\" \/><\/div><FIGCAPTION class=\"\" data-alpha=\"5\" style=\"color:#ffffff; background-color:#6f0000; font-size:140; text-align:left; font-family:Default;\" ><div class=\"grid-gallery-figcaption-wrap\" style=\"\"><\/div><\/FIGCAPTION><\/FIGURE><FIGURE class=\"grid-gallery-caption\" data-grid-gallery-type=\"quarter-slide-up\" data-index=\"1\" style=\"display:none;border-radius:00;; margin:15.3px; width:1800;\" ><div class=\"crop\" style=\" width:1800; height:2150; overflow:hidden;\"><img decoding=\"async\" src=\"https:\/\/www.hipodromo.com\/wp-content\/uploads\/2017\/02\/mg-3067-1-180x215.jpg\" class=\"ggImg ggNotInitImg\" alt=\"Hip\u00f3dromo de las Piedras\" title=\"Hip\u00f3dromo de las Piedras\" data-description=\"Hip\u00f3dromo de las Piedras\" data-caption=\"Hip\u00f3dromo de Las Piedras\" data-title=\"Hip\u00f3dromo de las Piedras\" style=\" width:180px; height:215px;\" \/><\/div><FIGCAPTION class=\"\" data-alpha=\"5\" style=\"color:#ffffff; background-color:#6f0000; font-size:140; text-align:left; font-family:Default;\" ><div class=\"grid-gallery-figcaption-wrap\" style=\"\"><\/div><\/FIGCAPTION><\/FIGURE><FIGURE class=\"grid-gallery-caption\" data-grid-gallery-type=\"quarter-slide-up\" data-index=\"2\" style=\"display:none;border-radius:00;; margin:15.3px; width:1800;\" ><div class=\"crop\" style=\" width:1800; height:2150; overflow:hidden;\"><img decoding=\"async\" src=\"https:\/\/www.hipodromo.com\/wp-content\/uploads\/2017\/02\/15272202_1476612982352412_5598919244358523187_o-180x215.jpg\" class=\"ggImg ggNotInitImg\" alt=\"Hip\u00f3dromo de las Am\u00e9ricas (M\u00e9xico)\" title=\"Hip\u00f3dromo de las Am\u00e9ricas (M\u00e9xico)\" data-description=\"Hip\u00f3dromo de las Am\u00e9ricas (M\u00e9xico)\" data-caption=\"Hip\u00f3dromo de Las Americas \" data-title=\"Hip\u00f3dromo de las Am\u00e9ricas (M\u00e9xico)\" style=\" width:180px; height:215px;\" \/><\/div><FIGCAPTION class=\"\" data-alpha=\"5\" style=\"color:#ffffff; background-color:#6f0000; font-size:140; text-align:left; font-family:Default;\" ><div class=\"grid-gallery-figcaption-wrap\" style=\"\"><\/div><\/FIGCAPTION><\/FIGURE><FIGURE class=\"grid-gallery-caption\" data-grid-gallery-type=\"quarter-slide-up\" data-index=\"3\" style=\"display:none;border-radius:00;; margin:15.3px; width:1800;\" ><div class=\"crop\" style=\" width:1800; height:2150; overflow:hidden;\"><img decoding=\"async\" src=\"https:\/\/www.hipodromo.com\/wp-content\/uploads\/2017\/01\/IMG_7714-180x215.jpg\" class=\"ggImg ggNotInitImg\" alt=\"Hipodromo Presidente Remon\" title=\"Hipodromo Presidente Remon\" data-description=\"Hipodromo Presidente Remon\" data-caption=\"Hip\u00f3dromo Presidente Remon\" data-title=\"Hipodromo Presidente Remon\" style=\" width:180px; height:215px;\" \/><\/div><FIGCAPTION class=\"\" data-alpha=\"5\" style=\"color:#ffffff; background-color:#6f0000; font-size:140; text-align:left; font-family:Default;\" ><div class=\"grid-gallery-figcaption-wrap\" style=\"\"><\/div><\/FIGCAPTION><\/FIGURE> <div class=\"grid-gallery-clearfix\"><\/div> <\/div> <div class=\"gallery-sharing-bottom\" style=\"display:none;\"> <\/div> <div class=\"gallery-sharing-image\" style=\"display:none;\"> <\/div> <div class=\"gallery-sharing-popup\" style=\"display:none;\"> <\/div> <div class=\"grid-gallery-clearfix\"><\/div> <\/div> <!-- Gallery by Supsystic plugin1.16.0 --><a title=\"Wordpress Gallery Plugin Free\" style=\"display:none;\" href=\"https:\/\/supsystic.com\/plugins\/photo-gallery\/?utm_medium=love_link\" target=\"_blank\">Wordpress Gallery Plugin Free<\/a>\n<h2 style=\"text-align: center;\"><a href=\"https:\/\/www.hipodromo.com\/hipodromos\/\"><strong>Oprime aqui para mas informaci\u00f3n<\/strong><\/a><\/h2>\n<p style=\"text-align: center;\">\n","protected":false},"excerpt":{"rendered":"<p>Oprime aqui para mas informaci\u00f3n<\/p>\n","protected":false},"author":1,"featured_media":0,"parent":0,"menu_order":0,"comment_status":"closed","ping_status":"closed","template":"","meta":{"_exactmetrics_skip_tracking":false,"_exactmetrics_sitenote_active":false,"_exactmetrics_sitenote_note":"","_exactmetrics_sitenote_category":0,"footnotes":""},"class_list":["post-1007","page","type-page","status-publish","hentry"],"_links":{"self":[{"href":"https:\/\/www.hipodromo.com\/index.php\/wp-json\/wp\/v2\/pages\/1007","targetHints":{"allow":["GET"]}}],"collection":[{"href":"https:\/\/www.hipodromo.com\/index.php\/wp-json\/wp\/v2\/pages"}],"about":[{"href":"https:\/\/www.hipodromo.com\/index.php\/wp-json\/wp\/v2\/types\/page"}],"author":[{"embeddable":true,"href":"https:\/\/www.hipodromo.com\/index.php\/wp-json\/wp\/v2\/users\/1"}],"replies":[{"embeddable":true,"href":"https:\/\/www.hipodromo.com\/index.php\/wp-json\/wp\/v2\/comments?post=1007"}],"version-history":[{"count":6,"href":"https:\/\/www.hipodromo.com\/index.php\/wp-json\/wp\/v2\/pages\/1007\/revisions"}],"predecessor-version":[{"id":2371,"href":"https:\/\/www.hipodromo.com\/index.php\/wp-json\/wp\/v2\/pages\/1007\/revisions\/2371"}],"wp:attachment":[{"href":"https:\/\/www.hipodromo.com\/index.php\/wp-json\/wp\/v2\/media?parent=1007"}],"curies":[{"name":"wp","href":"https:\/\/api.w.org\/{rel}","templated":true}]}}